{"id":7554,"date":"2022-11-14T15:00:23","date_gmt":"2022-11-14T14:00:23","guid":{"rendered":"https:\/\/billerbeck.info\/?page_id=7554"},"modified":"2023-08-18T12:52:44","modified_gmt":"2023-08-18T10:52:44","slug":"impressum","status":"publish","type":"page","link":"https:\/\/billerbeck.info\/ch\/impressum\/","title":{"rendered":"Impressum"},"content":{"rendered":"<div>\n<p>billerbeck Schweiz AG<br \/>\nBr\u00fchlmattenstrasse 10<br \/>\nCH-5525 Fischbach-G\u00f6slikon<\/p>\n<p>Tel: +41 (0) 56 619 54 00<br \/>\nFax: +41 (0) 56 619 54 55<br \/>\nE-Mail: info@billerbeck.ch<\/p>\n<\/div>\n<p>Umsatzsteuer-ID: CHE-108.102.225<br \/>\nCH-ID: CH-400-3016924-9<br \/>\nAmtsgericht: Bremgarten (AG)<\/p>\n<p>*********************************************************<\/p>\n<div>\n<p><span style=\"color: initial;\">billerbeck Betten-Union GmbH &amp; Co. KG<br \/>\n<\/span><span style=\"color: initial;\">Eppinger Stra\u00dfe 40-44<br \/>\n<\/span><span style=\"color: initial;\">76703 Kraichtal<br \/>\n<\/span><span style=\"color: initial;\">Deutschland<\/span><\/p>\n<\/div>\n<div>Tel.: +49 (0) 7250-750<br \/>\nFax: +49 (0) 7250 75 \u2013 50<br \/>\nE-Mail: info@billerbeck.info<\/p>\n<p><span style=\"font-size: revert; color: initial;\">Registergericht: Amtsgericht Mannheim<br \/>\n<\/span><span style=\"font-size: revert; color: initial;\">Registernummer: HRA 231762<\/span><span style=\"font-size: revert; color: initial;\">Vertretungsberechtigte Gesellschafterin (Komplement\u00e4r): Betten-Union GmbH, Registergericht: Amtsgericht Mannheim, HRB 232763. Diese wiederum wird vertreten durch den Gesch\u00e4ftsf\u00fchrer: Friedrich Ermert und Thomas Ermert<\/span><\/p>\n<\/div>\n<div>\n<p>Umsatzsteuer-Identifikationsnummer: DE121021327<\/p>\n<p>Plattform der EU-Kommission zur Online-Streitbeilegung: <a href=\"https:\/\/ec.europa.eu\/odr\" target=\"_blank\" rel=\"noopener\">https:\/\/ec.europa.eu\/odr<\/a><\/p>\n<p>Wir sind zur Teilnahme an einem Streitbeilegungsverfahren vor einer Verbraucherschlichtungsstelle nicht verpflichtet, hierzu jedoch bereit.<\/p>\n<p>EPR-Nummer Deutschland: DE5868303728340<\/p>\n<p>REDAKTIONELL VERANTWORTLICHER:<br \/>\nThomas Ermert, Eppinger Stra\u00dfe 40-44, 76703 Kraichtal<\/p>\n<p>EU-STREITSCHLICHTUNG:<br \/>\nDie Europ\u00e4ische Kommission stellt eine Plattform zur Online-Streitbeilegung (OS) bereit: <a href=\"https:\/\/ec.europa.eu\/consumers\/odr.\" target=\"_blank\" rel=\"noopener\">https:\/\/ec.europa.eu\/consumers\/odr.<\/a><\/p>\n<p>VERBRAUCHERSTREITBEILEGUNG \/ UNIVERSALSCHLICHTUNGSSTELLE:<br \/>\nWir sind nicht bereit oder verpflichtet, an Streitbeilegungsverfahren vor einer Verbraucherschlichtungsstelle teilzunehmen.<\/p>\n<p>HAFTUNG F\u00dcR INHALTE:<br \/>\nAls Diensteanbieter sind wir gem\u00e4\u00df \u00a7 7 Abs.1 TMG f\u00fcr eigene Inhalte auf diesen Seiten nach den allgemeinen Gesetzen verantwortlich. Nach \u00a7\u00a7 8 bis 10 TMG sind wir als Diensteanbieter jedoch nicht verpflichtet, \u00fcbermittelte oder gespeicherte fremde Informationen zu \u00fcberwachen oder nach Umst\u00e4nden zu forschen, die auf eine rechtswidrige T\u00e4tigkeit hinweisen.<br \/>\nVerpflichtungen zur Entfernung oder Sperrung der Nutzung von Informationen nach den allgemeinen Gesetzen bleiben hiervon unber\u00fchrt. Eine diesbez\u00fcgliche Haftung ist jedoch erst ab dem Zeitpunkt der Kenntnis einer konkreten Rechtsverletzung m\u00f6glich. Bei Bekanntwerden von entsprechenden Rechtsverletzungen werden wir diese Inhalte umgehend entfernen.<\/p>\n<p>HAFTUNG F\u00dcR LINKS:<br \/>\nUnser Angebot enth\u00e4lt Links zu externen Websites Dritter, auf deren Inhalte wir keinen Einfluss haben. Deshalb k\u00f6nnen wir f\u00fcr diese fremden Inhalte auch keine Gew\u00e4hr \u00fcbernehmen. F\u00fcr die Inhalte der verlinkten Seiten ist stets der jeweilige Anbieter oder Betreiber der Seiten verantwortlich. Die verlinkten Seiten wurden zum Zeitpunkt der Verlinkung auf m\u00f6gliche Rechtsverst\u00f6\u00dfe \u00fcberpr\u00fcft. Rechtswidrige Inhalte waren zum Zeitpunkt der Verlinkung nicht erkennbar.<\/p>\n<p>Eine permanente inhaltliche Kontrolle der verlinkten Seiten ist jedoch ohne konkrete Anhaltspunkte einer Rechtsverletzung nicht zumutbar. Bei Bekanntwerden von Rechtsverletzungen werden wir derartige Links umgehend entfernen.<\/p>\n<p>URHEBERRECHT:<br \/>\nDie durch die Seitenbetreiber erstellten Inhalte und Werke auf diesen Seiten unterliegen dem deutschen Urheberrecht. Die Vervielf\u00e4ltigung, Bearbeitung, Verbreitung und jede Art der Verwertung au\u00dferhalb der Grenzen des Urheberrechtes bed\u00fcrfen der schriftlichen Zustimmung des jeweiligen Autors bzw. Erstellers. Downloads und Kopien dieser Seite sind nur f\u00fcr den privaten, nicht kommerziellen Gebrauch gestattet.<\/p>\n<p>Soweit die Inhalte auf dieser Seite nicht vom Betreiber erstellt wurden, werden die Urheberrechte Dritter beachtet. Insbesondere werden Inhalte Dritter als solche gekennzeichnet. Sollten Sie trotzdem auf eine Urheberrechtsverletzung aufmerksam werden, bitten wir um einen entsprechenden Hinweis. Bei Bekanntwerden von Rechtsverletzungen werden wir derartige Inhalte umgehend entfernen.<\/p>\n<\/div>\n<div id=\"itkanzlei_txt_copyright\" style=\"font-size: 12px; margin-top: 8em;\">\n<div style=\"display: inline-block; vertical-align: top; margin-left: 5px; float: right; white-space: nowrap;\">Stand: 14.10.2022, 10:27:08 Uhr<\/div>\n<div style=\"clear: right;\"><\/div>\n<\/div>\n","protected":false},"excerpt":{"rendered":"<p>billerbeck Schweiz AG Br\u00fchlmattenstrasse 10 CH-5525 Fischbach-G\u00f6slikon Tel: +41 (0) 56 619 54 00 Fax: +41 (0) 56 619 54 55 [&hellip;]<\/p>\n","protected":false},"author":2,"featured_media":7556,"parent":0,"menu_order":0,"comment_status":"closed","ping_status":"closed","template":"","meta":{"_acf_changed":false,"footnotes":""},"class_list":["post-7554","page","type-page","status-publish","has-post-thumbnail","hentry"],"acf":[],"_links":{"self":[{"href":"https:\/\/billerbeck.info\/ch\/wp-json\/wp\/v2\/pages\/7554","targetHints":{"allow":["GET"]}}],"collection":[{"href":"https:\/\/billerbeck.info\/ch\/wp-json\/wp\/v2\/pages"}],"about":[{"href":"https:\/\/billerbeck.info\/ch\/wp-json\/wp\/v2\/types\/page"}],"author":[{"embeddable":true,"href":"https:\/\/billerbeck.info\/ch\/wp-json\/wp\/v2\/users\/2"}],"replies":[{"embeddable":true,"href":"https:\/\/billerbeck.info\/ch\/wp-json\/wp\/v2\/comments?post=7554"}],"version-history":[{"count":7,"href":"https:\/\/billerbeck.info\/ch\/wp-json\/wp\/v2\/pages\/7554\/revisions"}],"predecessor-version":[{"id":9348,"href":"https:\/\/billerbeck.info\/ch\/wp-json\/wp\/v2\/pages\/7554\/revisions\/9348"}],"wp:featuredmedia":[{"embeddable":true,"href":"https:\/\/billerbeck.info\/ch\/wp-json\/wp\/v2\/media\/7556"}],"wp:attachment":[{"href":"https:\/\/billerbeck.info\/ch\/wp-json\/wp\/v2\/media?parent=7554"}],"curies":[{"name":"wp","href":"https:\/\/api.w.org\/{rel}","templated":true}]}}