{"id":7583,"date":"2022-11-14T15:05:24","date_gmt":"2022-11-14T14:05:24","guid":{"rendered":"https:\/\/billerbeck.info\/?page_id=7583"},"modified":"2025-06-17T07:55:16","modified_gmt":"2025-06-17T05:55:16","slug":"fachhandel","status":"publish","type":"page","link":"https:\/\/billerbeck.info\/ch\/beratung-service\/fachhandel\/","title":{"rendered":"Fachhandel"},"content":{"rendered":"\n<h2 class=\"wp-block-heading has-text-align-center\">billerbeck \u2013 Ihr&nbsp;Bettwarenpartner f\u00fcr langj\u00e4hrigen Erfolg<\/h2>\n\n\n\n<p>Nutzen Sie Ihren pers\u00f6nlichen Ansprechpartner und entdecken Sie massgeschneiderte Angebote f\u00fcr Gesch\u00e4ftskunden aus unserem umfangreichen Bettwarenangebot.<\/p>\n\n\n\n<p><strong>Alles aus einer Hand<\/strong><\/p>\n\n\n\n<p>Wir stellen sicher, dass in unseren Produktionsst\u00e4tten nur einwandfreie Rohstoffe verwendet werden. Denn guter Schlaf fordert eine durchg\u00e4ngig hohe Qualit\u00e4t der Rohstoffe und umweltgerechte Verarbeitungsprozesse.<\/p>\n\n\n\n<p><strong>Qualit\u00e4tsbettwaren f\u00fcr erholsamen Schlaf<\/strong><\/p>\n\n\n\n<p>Guter Schlaf und Qualit\u00e4tsprodukte geh\u00f6ren f\u00fcr uns zusammen. Deswegen konzentrieren wir uns auf qualitativ hochwertige Bettwaren und haben den Anspruch, mit den verschiedenen Sortimenten Klassenbester zu sein. So gelangen nur billerbeck-w\u00fcrdige Produkte zum Kunden.<\/p>\n\n\n\n<p><strong>Steigerung des Kundenerlebnisses durch Service, der sich auszahlt<\/strong><\/p>\n\n\n\n<ul class=\"wp-block-list\">\n<li><strong>Produktschulungen:<\/strong>&nbsp;Wir unterst\u00fctzen unsere Gesch\u00e4ftskunden mit kompetenter Beratung und professioneller Produktschulung des Verkaufspersonals.<\/li>\n<\/ul>\n\n\n\n<ul class=\"wp-block-list\">\n<li><strong>Store-Pr\u00e4sentation:<\/strong>&nbsp;F\u00fcr den erfolgreichen billerbeck-Auftritt am Point-of-Sale entwickeln wir f\u00fcr Sie massgeschneiderte Store-Pr\u00e4sentationen.<\/li>\n<\/ul>\n\n\n\n<ul class=\"wp-block-list\">\n<li><strong>Marketing:<\/strong>&nbsp;Wir unterst\u00fctzen Sie mit verkaufsf\u00f6rderndem Werbematerial, PR-Massnahmen sowie Informationen f\u00fcr den Endkunden zu Produkten und rund um erholsamen Schlaf.<\/li>\n<\/ul>\n\n\n\n<ul class=\"wp-block-list\">\n<li><strong>Schlafberatung\u00a0und Wissenswertes<\/strong> rund um aktuelle Themen vom billerbeck Schlafexperten im\u00a0<a href=\"https:\/\/billerbeck.shop\/blog\/\" target=\"_blank\" rel=\"noreferrer noopener\">Blog<\/a><br><\/li>\n<\/ul>\n\n\n\n<figure class=\"wp-block-image size-full\"><img loading=\"lazy\" decoding=\"async\" width=\"1024\" height=\"640\" src=\"https:\/\/billerbeck.info\/wp-content\/uploads\/2025\/05\/billerbeck-beratung-service-fachhandel-verkaufsmaterialien-pos-presenter-boxen.jpg\" alt=\"POS-Ausstattung, freigestellt. Duvet- und Kissenst\u00e4nder. Links und rechts vom Pr\u00e4senter stehen Sommerlaune-Boxen gestapelt auf dem Boden.\" class=\"wp-image-14658\" srcset=\"https:\/\/billerbeck.info\/wp-content\/uploads\/2025\/05\/billerbeck-beratung-service-fachhandel-verkaufsmaterialien-pos-presenter-boxen.jpg 1024w, https:\/\/billerbeck.info\/wp-content\/uploads\/2025\/05\/billerbeck-beratung-service-fachhandel-verkaufsmaterialien-pos-presenter-boxen-300x188.jpg 300w, https:\/\/billerbeck.info\/wp-content\/uploads\/2025\/05\/billerbeck-beratung-service-fachhandel-verkaufsmaterialien-pos-presenter-boxen-768x480.jpg 768w\" sizes=\"auto, (max-width: 1024px) 100vw, 1024px\" \/><\/figure>\n\n\n\n<p><\/p>\n\n\n\n<h3 class=\"wp-block-heading\"><\/h3>\n","protected":false},"excerpt":{"rendered":"<p>billerbeck \u2013 Ihr&nbsp;Bettwarenpartner f\u00fcr langj\u00e4hrigen Erfolg Nutzen Sie Ihren pers\u00f6nlichen Ansprechpartner und entdecken Sie massgeschneiderte Angebote f\u00fcr Gesch\u00e4ftskunden aus unserem umfangreichen [&hellip;]<\/p>\n","protected":false},"author":2,"featured_media":14673,"parent":7572,"menu_order":0,"comment_status":"closed","ping_status":"closed","template":"","meta":{"_acf_changed":false,"footnotes":""},"class_list":["post-7583","page","type-page","status-publish","has-post-thumbnail","hentry"],"acf":[],"_links":{"self":[{"href":"https:\/\/billerbeck.info\/ch\/wp-json\/wp\/v2\/pages\/7583","targetHints":{"allow":["GET"]}}],"collection":[{"href":"https:\/\/billerbeck.info\/ch\/wp-json\/wp\/v2\/pages"}],"about":[{"href":"https:\/\/billerbeck.info\/ch\/wp-json\/wp\/v2\/types\/page"}],"author":[{"embeddable":true,"href":"https:\/\/billerbeck.info\/ch\/wp-json\/wp\/v2\/users\/2"}],"replies":[{"embeddable":true,"href":"https:\/\/billerbeck.info\/ch\/wp-json\/wp\/v2\/comments?post=7583"}],"version-history":[{"count":8,"href":"https:\/\/billerbeck.info\/ch\/wp-json\/wp\/v2\/pages\/7583\/revisions"}],"predecessor-version":[{"id":14686,"href":"https:\/\/billerbeck.info\/ch\/wp-json\/wp\/v2\/pages\/7583\/revisions\/14686"}],"up":[{"embeddable":true,"href":"https:\/\/billerbeck.info\/ch\/wp-json\/wp\/v2\/pages\/7572"}],"wp:featuredmedia":[{"embeddable":true,"href":"https:\/\/billerbeck.info\/ch\/wp-json\/wp\/v2\/media\/14673"}],"wp:attachment":[{"href":"https:\/\/billerbeck.info\/ch\/wp-json\/wp\/v2\/media?parent=7583"}],"curies":[{"name":"wp","href":"https:\/\/api.w.org\/{rel}","templated":true}]}}