{"id":7673,"date":"2022-11-14T15:19:34","date_gmt":"2022-11-14T14:19:34","guid":{"rendered":"https:\/\/billerbeck.info\/?page_id=7673"},"modified":"2024-04-08T15:50:02","modified_gmt":"2024-04-08T13:50:02","slug":"verpackungen","status":"publish","type":"page","link":"https:\/\/billerbeck.info\/ch\/nachhaltigkeit\/verpackungen\/","title":{"rendered":"Verpackungen_alt"},"content":{"rendered":"\n<p>Der Anspruch an unsere Verpackungen ist genauso hoch wie an jedes einzelne Produkt. Dabei erf\u00fcllt jede einzelne Verpackung die Aufgaben: Interesse beim Kunden wecken und die Bettwaren zu sch\u00fctzen. Um den Materialabfall zu reduzieren und die Aufgaben zu erf\u00fcllen, experimentiert unser Verpackungsteam mit neuen Designs, pragmatischen Wiederverwendungsstrategien und erneuerbaren Materialien.<\/p>\n\n\n\n<h2 class=\"wp-block-heading has-text-align-center\">Regionale und umweltschonende Verpackungen<\/h2>\n\n\n\n<p>Wir legen Wert darauf, mit regionalen Druckereien zusammenzuarbeiten, die besonderen Wert auf klimaneutrales Drucken und umweltschonende Verpackungen legen. Sie beliefern uns mit Kartonagen f\u00fcr Daunendecken und Kissen. F\u00fcr die Produkte unserer Marke Swiss Dream verwenden wir des Weiteren neue Boxen, die aus bis zu 80% recyceltem Material bestehen.<\/p>\n\n\n\n<h2 class=\"wp-block-heading has-text-align-center\">Mehrfachnutzung von Verpackungen<\/h2>\n\n\n\n<p>Dar\u00fcber hinaus sammeln wir gebrauchte Kartons, welche zur Weiterverwendung genutzt werden. Alle weiteren Transportverpackungen verwerten wir ressourcenschonend. Damit stellen wir eine fachgerechte Verwertung unserer bereits gebrauchten Transportverpackungen sicher.<\/p>\n\n\n\n<p>Durch das Recycling von Transportverpackungen haben wir aktuell j\u00e4hrlich Einsparungen von bis zu 375 Tonnen Ressourcen und zus\u00e4tzlich 46.785 kg Treibhausgas. <\/p>\n\n\n\n<p>Ausserdem werden die beliebten Produkttragetaschen der Bettwaren immer wieder gern weiterverwendet, da sie perfekten Stauraum f\u00fcr Ordnungsliebhaber bieten.<\/p>\n\n\n\n<h2 class=\"wp-block-heading has-text-align-center\">Verzicht auf zus\u00e4tzliche Umverpackungen aus Plastik<\/h2>\n\n\n\n<p>Durch die Anschaffung einer Feinstaubfilteranlage gelingt uns der Verzicht auf zus\u00e4tzliche Umverpackungen aus Plastik. Hierf\u00fcr ist die gefilterte, saubere Luft verantwortlich.<\/p>\n","protected":false},"excerpt":{"rendered":"<p>Der Anspruch an unsere Verpackungen ist genauso hoch wie an jedes einzelne Produkt. Dabei erf\u00fcllt jede einzelne Verpackung die Aufgaben: Interesse [&hellip;]<\/p>\n","protected":false},"author":2,"featured_media":14751,"parent":7634,"menu_order":0,"comment_status":"closed","ping_status":"closed","template":"","meta":{"_acf_changed":false,"footnotes":""},"class_list":["post-7673","page","type-page","status-publish","has-post-thumbnail","hentry"],"acf":[],"_links":{"self":[{"href":"https:\/\/billerbeck.info\/ch\/wp-json\/wp\/v2\/pages\/7673","targetHints":{"allow":["GET"]}}],"collection":[{"href":"https:\/\/billerbeck.info\/ch\/wp-json\/wp\/v2\/pages"}],"about":[{"href":"https:\/\/billerbeck.info\/ch\/wp-json\/wp\/v2\/types\/page"}],"author":[{"embeddable":true,"href":"https:\/\/billerbeck.info\/ch\/wp-json\/wp\/v2\/users\/2"}],"replies":[{"embeddable":true,"href":"https:\/\/billerbeck.info\/ch\/wp-json\/wp\/v2\/comments?post=7673"}],"version-history":[{"count":5,"href":"https:\/\/billerbeck.info\/ch\/wp-json\/wp\/v2\/pages\/7673\/revisions"}],"predecessor-version":[{"id":11660,"href":"https:\/\/billerbeck.info\/ch\/wp-json\/wp\/v2\/pages\/7673\/revisions\/11660"}],"up":[{"embeddable":true,"href":"https:\/\/billerbeck.info\/ch\/wp-json\/wp\/v2\/pages\/7634"}],"wp:featuredmedia":[{"embeddable":true,"href":"https:\/\/billerbeck.info\/ch\/wp-json\/wp\/v2\/media\/14751"}],"wp:attachment":[{"href":"https:\/\/billerbeck.info\/ch\/wp-json\/wp\/v2\/media?parent=7673"}],"curies":[{"name":"wp","href":"https:\/\/api.w.org\/{rel}","templated":true}]}}