{"id":7676,"date":"2022-11-14T15:20:07","date_gmt":"2022-11-14T14:20:07","guid":{"rendered":"https:\/\/billerbeck.info\/?page_id=7676"},"modified":"2024-04-08T15:54:29","modified_gmt":"2024-04-08T13:54:29","slug":"verpflichtung-zur-umweltpolitik-fuer-die-billerbeck-gruppe","status":"publish","type":"page","link":"https:\/\/billerbeck.info\/ch\/nachhaltigkeit\/verpflichtung-zur-umweltpolitik-fuer-die-billerbeck-gruppe\/","title":{"rendered":"Verpflichtung zur Umweltpolitik f\u00fcr die billerbeck-Gruppe_alt"},"content":{"rendered":"\n<p class=\"has-text-align-center\">Finden Sie hier unsere ausf\u00fchrliche Umweltpolitik als PDF:<br><a href=\"\/wp-content\/uploads\/2021\/03\/billerbeck-Umweltpolitik-Verpflichtungserkl__rung_DE.pdf\" target=\"_blank\" rel=\"noopener noreferrer\">PDF DOWNLOADEN<\/a><\/p>\n\n\n\n<p>Bei billerbeck ist Umweltschutz ein wichtiger Bestandteil der Unternehmenspolitik. Wir sind uns dessen bewusst, dass unsere T\u00e4tigkeiten die Umwelt beeintr\u00e4chtigen. Daher haben wir uns zum Ziel gesetzt, die aus der Gesch\u00e4ftsaktivit\u00e4t resultierenden Umweltbelastungen m\u00f6glichst gering zu halten oder ganz zu vermeiden.&nbsp;<\/p>\n\n\n\n<p>Der verantwortungsvolle Umgang mit Ressourcen und Umwelt erfordert die Ermittlung und Bewertung bedeutender Umweltaspekte sowie die Erf\u00fcllung von festgelegten Umweltzielen und deren \u00dcberpr\u00fcfung anhand messbarer Merkmale.<\/p>\n\n\n\n<p>Des Weiteren unterst\u00fctzen wir einen offenen Dialog \u00fcber Themen des Umweltschutzes und sind bestrebt, das Umweltbewusstsein unserer Mitarbeiter, Zulieferer und Kunden zu wecken und zu st\u00e4rken. Durch Information und Gespr\u00e4chsformate f\u00f6rdern wir ein umweltbewusstes Verhalten unserer Mitarbeiter innerhalb und ausserhalb des Unternehmens.<\/p>\n\n\n\n<p>Daher richtet sich unsere Umweltpolitik nicht nur an alle internen Mitarbeiter, sondern auch an alle externen Dienstleister der billerbeck Betten-Union GmbH &amp; Co. KG. Die Kolleginnen und Kollegen sind dazu angehalten unsere Umweltrichtlinien bei der t\u00e4glichen Arbeit zu beachten und einzuhalten. Jede\/r Mitarbeiter\/-in ist in unser Umweltmanagementsystem eingebunden und dazu verpflichtet, unn\u00f6tige Umweltbelastungen zu beseitigen.<\/p>\n\n\n\n<p>Im Rahmen der unternehmerischen Sorgfaltspflicht legen wir mit diesem Verpflichtungsschreiben neben unserer Umweltpolitik auch die darin enthaltenen umweltbezogenen Gesamtziele und Handlungsgrunds\u00e4tze unseres Unternehmens fest:<\/p>\n\n\n\n<p>Die billerbeck Betten-Union GmbH &amp; Co. KG setzt sich das Ziel, den Umweltschutz kontinuierlich zu verbessern und gew\u00e4hrleistet durch den Aufbau eines Umweltmanagementsystems die Umsetzung dieser Leitlinien. Von besonderer Bedeutung sind dabei die Einhaltung der Umweltgesetze und Regeln sowie zukunftsorientiertes Handeln.<\/p>\n\n\n\n<p>Bei der Materialbeschaffung werden stets Umweltauswirkungen hinsichtlich Herkunft, Verwendung und Entsorgung ber\u00fccksichtigt. Dar\u00fcber hinaus ist die kontinuierliche Verbesserung unserer umweltbezogenen Leistungen f\u00fcr uns mittel- und langfristig Voraussetzung und ein wichtiger Beitrag zur Schonung der Umwelt.&nbsp;<\/p>\n\n\n\n<p>Eine st\u00f6rungsfreie Organisation, fortschrittliche Managementmethoden und der Stand der Umwelttechnologie bilden den daf\u00fcr notwendigen Rahmen. Die F\u00fchrungskr\u00e4fte sind verpflichtet, die in ihrem Verantwortungsbereich geltenden Management-Praktiken anzuwenden, ihre Wirksamkeit st\u00e4ndig zu \u00fcberwachen und den neusten Kenntnissen und Erfordernissen anzupassen.<\/p>\n\n\n\n<p>Mit der Bewertung von Ergebnissen, internen Audits sowie den periodischen Berichterstattungen \u00fcber den betrieblichen Umweltschutz wird die Eignung, Angemessenheit und Wirksamkeit des Umweltmanagementsystems regelm\u00e4ssig \u00fcberpr\u00fcft.<\/p>\n\n\n\n<p>Durch diese Erkl\u00e4rung verpflichtet sich die Gesch\u00e4ftsleitung sicherzustellen, dass alle T\u00e4tigkeiten im Unternehmen den umweltbezogenen Festlegungen sowie vorgegebenen und selbstgestellten Anforderungen entsprechen.<\/p>\n\n\n\n<p>Weiterhin verpflichten wir uns zur st\u00e4ndigen Verbesserung und Weiterentwicklung unseres Umweltmanagementsystems, dessen Ziele und Programme f\u00fcr das gesamte Unternehmen gelten.<\/p>\n\n\n\n<p><strong>Umweltaspekte:<\/strong><\/p>\n\n\n\n<ul class=\"wp-block-list\">\n<li>Klima und Umwelt (Nutzung fossiler Energietr\u00e4ger<\/li>\n\n\n\n<li>Mensch (Mitarbeiter, Kunden)<\/li>\n\n\n\n<li>Lieferanten<\/li>\n\n\n\n<li>Produktion<\/li>\n\n\n\n<li>Wassereinsatz<\/li>\n\n\n\n<li>Rohstoffeinsatz<\/li>\n\n\n\n<li>Produkte<\/li>\n\n\n\n<li>Verpackung<\/li>\n\n\n\n<li>Abfallmanagement und Recycling<\/li>\n\n\n\n<li>Versand und Retourenmanagement<\/li>\n\n\n\n<li>Digitalisierung<\/li>\n\n\n\n<li>Zertifizierungen &amp; Siegel<\/li>\n\n\n\n<li>Soziales Engagement \/ Umweltprojekte<\/li>\n<\/ul>\n","protected":false},"excerpt":{"rendered":"<p>Finden Sie hier unsere ausf\u00fchrliche Umweltpolitik als PDF:PDF DOWNLOADEN Bei billerbeck ist Umweltschutz ein wichtiger Bestandteil der Unternehmenspolitik. Wir sind uns [&hellip;]<\/p>\n","protected":false},"author":2,"featured_media":13208,"parent":7634,"menu_order":0,"comment_status":"closed","ping_status":"closed","template":"","meta":{"_acf_changed":false,"footnotes":""},"class_list":["post-7676","page","type-page","status-publish","has-post-thumbnail","hentry"],"acf":[],"_links":{"self":[{"href":"https:\/\/billerbeck.info\/ch\/wp-json\/wp\/v2\/pages\/7676","targetHints":{"allow":["GET"]}}],"collection":[{"href":"https:\/\/billerbeck.info\/ch\/wp-json\/wp\/v2\/pages"}],"about":[{"href":"https:\/\/billerbeck.info\/ch\/wp-json\/wp\/v2\/types\/page"}],"author":[{"embeddable":true,"href":"https:\/\/billerbeck.info\/ch\/wp-json\/wp\/v2\/users\/2"}],"replies":[{"embeddable":true,"href":"https:\/\/billerbeck.info\/ch\/wp-json\/wp\/v2\/comments?post=7676"}],"version-history":[{"count":3,"href":"https:\/\/billerbeck.info\/ch\/wp-json\/wp\/v2\/pages\/7676\/revisions"}],"predecessor-version":[{"id":11664,"href":"https:\/\/billerbeck.info\/ch\/wp-json\/wp\/v2\/pages\/7676\/revisions\/11664"}],"up":[{"embeddable":true,"href":"https:\/\/billerbeck.info\/ch\/wp-json\/wp\/v2\/pages\/7634"}],"wp:featuredmedia":[{"embeddable":true,"href":"https:\/\/billerbeck.info\/ch\/wp-json\/wp\/v2\/media\/13208"}],"wp:attachment":[{"href":"https:\/\/billerbeck.info\/ch\/wp-json\/wp\/v2\/media?parent=7676"}],"curies":[{"name":"wp","href":"https:\/\/api.w.org\/{rel}","templated":true}]}}