{"id":7757,"date":"2022-11-14T15:29:28","date_gmt":"2022-11-14T14:29:28","guid":{"rendered":"https:\/\/billerbeck.info\/?page_id=7757"},"modified":"2024-11-19T08:36:09","modified_gmt":"2024-11-19T07:36:09","slug":"leitbild","status":"publish","type":"page","link":"https:\/\/billerbeck.info\/ch\/unternehmen\/leitbild\/","title":{"rendered":"Leitbild"},"content":{"rendered":"\n<p><a>Unser unternehmerisches Leitbild dient dem Ziel, zwischen Kunden, Gesellschaftern, Gesch\u00e4ftsf\u00fchrung, allen Mitarbeiterinnen und Mitarbeitern, Lieferanten und Partnern ein Fundament des Vertrauens zu schaffen. Es h\u00e4lt die typischen Werte und Gesch\u00e4ftsgrunds\u00e4tze fest, nach denen wir unser Handeln ausrichten.<\/a><\/p>\n\n\n\n<p>Als mittelst\u00e4ndisches Unternehmen und renommierter Markenhersteller haben wir eine grosse Verantwortung, der wir gerne nachkommen. Fundamente unserer Arbeit sind typische Werte und Grunds\u00e4tze, nach denen wir unser unternehmerisches Denken und Handeln ausrichten.<\/p>\n\n\n\n<h2 class=\"wp-block-heading has-text-align-center\">Kundenorientiertes Handeln<\/h2>\n\n\n\n<p>In allen Unternehmensbereichen steht die Zufriedenheit der Kunden im Mittelpunkt unseres Handelns, denn unser wichtigstes Ziel ist es, ihren Schlafkomfort jeden Tag zu verbessern. Wir wollen unseren Kunden bewusste Kaufentscheidungen erm\u00f6glichen, indem wir sie transparent und offen mittels Produktkennzeichnung und direkter Kommunikation informieren und beraten.<\/p>\n\n\n\n<h2 class=\"wp-block-heading has-text-align-center\">Mitarbeiter \u2013 unser h\u00f6chstes Gut<\/h2>\n\n\n\n<p>Jeder Mitarbeiter leistet einen wichtigen Beitrag zu unserem Erfolg. Eine zwischenmenschliche, positive Atmosph\u00e4re sowie gegenseitiges Vertrauen und Zuverl\u00e4ssigkeit sind Grundlagen unserer Zusammenarbeit. Durch eine ehrliche und direkte Kommunikation schaffen wir Vertrauen untereinander und pflegen dadurch einen fairen Umgang miteinander.<\/p>\n\n\n\n<h2 class=\"wp-block-heading has-text-align-center\">Partnerschaftliche Zusammenarbeit mit unseren Lieferanten<\/h2>\n\n\n\n<p>Wir \u00fcbernehmen Verantwortung innerhalb der globalen Lieferketten und f\u00fcr die Ressourcen, die zur Herstellung unserer Produkte genutzt werden. Dabei ist die Beschaffung deklarierter Materialien, die nach \u00f6kologischen und ethischen Grunds\u00e4tzen gewonnen bzw. hergestellt werden, f\u00fcr uns von hoher Bedeutung.<\/p>\n\n\n\n<p>Dabei streben wir ein vertrauensvolles und langfristiges Verh\u00e4ltnis zu unseren Gesch\u00e4ftspartnern an, welches von Fairness, Verl\u00e4sslichkeit und gegenseitiger Unterst\u00fctzung gepr\u00e4gt ist.<\/p>\n\n\n\n<h2 class=\"wp-block-heading has-text-align-center\">Nachhaltige Wertsch\u00f6pfung<\/h2>\n\n\n\n<p>Wir legen grossen Wert darauf, als Vorbild zu wirken. Daher ist es unser Ziel, sozial und \u00f6kologisch verantwortlich zu denken und zu handeln. Hierbei versuchen wir umweltfreundliche Verbesserungen in bisherige Methoden einzubinden und unseren \u00f6kologischen Fussabdruck dadurch m\u00f6glichst gering zu halten. Wir sind stolz auf den Grad an Nachhaltigkeit, den wir mit unseren Organic-Produkten bisher schon erreicht haben.<\/p>\n\n\n\n<h2 class=\"wp-block-heading has-text-align-center\">Gesellschaftliches &amp; regionales Engagement<\/h2>\n\n\n\n<p>Wir verstehen uns als aktiven Teil der Gesellschaft und engagieren uns in vielen Projekten vor Ort. Unser gesellschaftliches und kulturelles Engagement ist vielf\u00e4ltig und soll zur Unterst\u00fctzung zahlreicher Einrichtungen dienen. Bereits in unserer Unternehmensphilosophie haben wir festgelegt, vorbildlich in unserem Umfeld wirken zu wollen und engagieren uns daher auch \u00fcber die Grenzen des Unternehmens hinaus.<\/p>\n\n\n\n<p class=\"has-text-align-center\">Lesen Sie hier unser ausf\u00fchrliches Unternehmensleitbild:<\/p>\n\n\n\n<p class=\"has-text-align-center\"><a href=\"\/wp-content\/uploads\/2021\/05\/billerbeck-Unternehmens-Leitbild-ausfuehrlich.pdf\" target=\"_blank\" download=\"\" rel=\"noopener noreferrer\">PDF DOWNLOADEN<\/a><\/p>\n","protected":false},"excerpt":{"rendered":"<p>Unser unternehmerisches Leitbild dient dem Ziel, zwischen Kunden, Gesellschaftern, Gesch\u00e4ftsf\u00fchrung, allen Mitarbeiterinnen und Mitarbeitern, Lieferanten und Partnern ein Fundament des Vertrauens [&hellip;]<\/p>\n","protected":false},"author":2,"featured_media":10593,"parent":7703,"menu_order":0,"comment_status":"closed","ping_status":"closed","template":"","meta":{"_acf_changed":false,"footnotes":""},"class_list":["post-7757","page","type-page","status-publish","has-post-thumbnail","hentry"],"acf":[],"_links":{"self":[{"href":"https:\/\/billerbeck.info\/ch\/wp-json\/wp\/v2\/pages\/7757","targetHints":{"allow":["GET"]}}],"collection":[{"href":"https:\/\/billerbeck.info\/ch\/wp-json\/wp\/v2\/pages"}],"about":[{"href":"https:\/\/billerbeck.info\/ch\/wp-json\/wp\/v2\/types\/page"}],"author":[{"embeddable":true,"href":"https:\/\/billerbeck.info\/ch\/wp-json\/wp\/v2\/users\/2"}],"replies":[{"embeddable":true,"href":"https:\/\/billerbeck.info\/ch\/wp-json\/wp\/v2\/comments?post=7757"}],"version-history":[{"count":4,"href":"https:\/\/billerbeck.info\/ch\/wp-json\/wp\/v2\/pages\/7757\/revisions"}],"predecessor-version":[{"id":11281,"href":"https:\/\/billerbeck.info\/ch\/wp-json\/wp\/v2\/pages\/7757\/revisions\/11281"}],"up":[{"embeddable":true,"href":"https:\/\/billerbeck.info\/ch\/wp-json\/wp\/v2\/pages\/7703"}],"wp:featuredmedia":[{"embeddable":true,"href":"https:\/\/billerbeck.info\/ch\/wp-json\/wp\/v2\/media\/10593"}],"wp:attachment":[{"href":"https:\/\/billerbeck.info\/ch\/wp-json\/wp\/v2\/media?parent=7757"}],"curies":[{"name":"wp","href":"https:\/\/api.w.org\/{rel}","templated":true}]}}