{"id":7763,"date":"2022-11-14T15:31:41","date_gmt":"2022-11-14T14:31:41","guid":{"rendered":"https:\/\/billerbeck.info\/?page_id=7763"},"modified":"2024-11-19T14:56:39","modified_gmt":"2024-11-19T13:56:39","slug":"schlafforschung","status":"publish","type":"page","link":"https:\/\/billerbeck.info\/ch\/unternehmen\/schlafforschung\/","title":{"rendered":"Schlafforschung"},"content":{"rendered":"\n<h2 class=\"has-text-align-center wp-block-heading\">Zusammenarbeit mit der Wissenschaft<\/h2>\n\n\n\n<p>Lange Zeit blieb der menschliche Schlaf von der Forschung weitestgehend unbeachtet. Doch als in den 50er Jahren die REM-Phase (Rapid Eye Movement) entdeckt wurde und sich Wissenschaftler erstmals mit dem Schlaf intensiv besch\u00e4ftigten, begann auch die Arbeit der billerbeck-Schlafforschung.<\/p>\n\n\n\n<p>Die k\u00f6rperliche und geistige Leistungsf\u00e4higkeit, die Konzentration und Belastbarkeit, aber auch die Stimmungslage und zahlreiche organische Funktionen leiden unter zu wenig oder schlechtem Schlaf. Darum befasst sich billerbeck seit 100 Jahren systematisch mit Gewohnheiten und Kundenbed\u00fcrfnissen rund um den gesunden Schlaf. Zugleich ist billerbeck aufkl\u00e4rend t\u00e4tig und gibt aktiv das Wissen um den guten Schlaf weiter.<\/p>\n\n\n\n<p>Die international t\u00e4tige billerbeck Stiftung Schlaf &amp; Gesundheit<sup>\u00ae<\/sup> vereint Spezialisten aus den unterschiedlichsten Disziplinen: Mediziner, Physiologen, Psychologen, Biologen, Physiker und textile Forschungsinstitute untersuchen laufend die verschiedenen Aspekte, welche die Qualit\u00e4t des Schlafes ausmachen.<\/p>\n\n\n\n<p>Dabei arbeitet die Stiftung mit namhaften Institutionen wie der Johannes-Gutenberg-Universit\u00e4t Mainz (1952\u20131956), dem Frobenius-Institut der Goethe-Universit\u00e4t Frankfurt (1956) oder den Forschungsinstituten Hohenstein (1957 bis heute) zusammen.<\/p>\n\n\n\n<p>Neben ihrer eigenen Arbeit vergibt die Stiftung gezielt Forschungsauftr\u00e4ge, um den Wissensstand \u00fcber das Schlafverhalten nachhaltig und auf breiter Basis auszubauen. Ein ganz besonderes Augenmerk liegt dabei auf den Bereichen, die bis dahin durch wenige, verl\u00e4ssliche Forschungskenntnisse beleuchtet werden konnten.<\/p>\n","protected":false},"excerpt":{"rendered":"<p>Zusammenarbeit mit der Wissenschaft Lange Zeit blieb der menschliche Schlaf von der Forschung weitestgehend unbeachtet. Doch als in den 50er Jahren [&hellip;]<\/p>\n","protected":false},"author":2,"featured_media":11542,"parent":7703,"menu_order":0,"comment_status":"closed","ping_status":"closed","template":"","meta":{"_acf_changed":false,"footnotes":""},"class_list":["post-7763","page","type-page","status-publish","has-post-thumbnail","hentry"],"acf":[],"_links":{"self":[{"href":"https:\/\/billerbeck.info\/ch\/wp-json\/wp\/v2\/pages\/7763","targetHints":{"allow":["GET"]}}],"collection":[{"href":"https:\/\/billerbeck.info\/ch\/wp-json\/wp\/v2\/pages"}],"about":[{"href":"https:\/\/billerbeck.info\/ch\/wp-json\/wp\/v2\/types\/page"}],"author":[{"embeddable":true,"href":"https:\/\/billerbeck.info\/ch\/wp-json\/wp\/v2\/users\/2"}],"replies":[{"embeddable":true,"href":"https:\/\/billerbeck.info\/ch\/wp-json\/wp\/v2\/comments?post=7763"}],"version-history":[{"count":2,"href":"https:\/\/billerbeck.info\/ch\/wp-json\/wp\/v2\/pages\/7763\/revisions"}],"predecessor-version":[{"id":7987,"href":"https:\/\/billerbeck.info\/ch\/wp-json\/wp\/v2\/pages\/7763\/revisions\/7987"}],"up":[{"embeddable":true,"href":"https:\/\/billerbeck.info\/ch\/wp-json\/wp\/v2\/pages\/7703"}],"wp:featuredmedia":[{"embeddable":true,"href":"https:\/\/billerbeck.info\/ch\/wp-json\/wp\/v2\/media\/11542"}],"wp:attachment":[{"href":"https:\/\/billerbeck.info\/ch\/wp-json\/wp\/v2\/media?parent=7763"}],"curies":[{"name":"wp","href":"https:\/\/api.w.org\/{rel}","templated":true}]}}