{"id":8970,"date":"2023-06-15T10:14:47","date_gmt":"2023-06-15T08:14:47","guid":{"rendered":"https:\/\/billerbeck.info\/?page_id=8970"},"modified":"2025-06-17T07:57:21","modified_gmt":"2025-06-17T05:57:21","slug":"pflegetipps","status":"publish","type":"page","link":"https:\/\/billerbeck.info\/ch\/beratung-service\/pflege\/pflegetipps\/","title":{"rendered":"Pflegetipps"},"content":{"rendered":"\n<p><strong>LANGLEBIGKEIT UND H\u00d6CHSTER SCHLAFKOMFORT DURCH RICHTIGE PFLEGE<\/strong><\/p>\n\n\n\n<p>Je sorgf\u00e4ltiger Duvets und Kissen gepflegt werden, desto besser erf\u00fcllen sie die Anspr\u00fcche an Komfort und Hygiene. Gut gel\u00fcftete und aufgesch\u00fcttelte Duvets und Kissen sind die beste Voraussetzung f\u00fcr einen gesunden Schlaf und eine erholsame Nacht. Gepflegte Bettwaren halten l\u00e4nger und reagieren sensibler auf die Schlafbed\u00fcrfnisse.<\/p>\n\n\n\n<p><strong>PFLEGETIPPS<\/strong><\/p>\n\n\n\n<p>Wir empfehlen diese Pflegehinweise zu beachten, damit Duvets und Kissen m\u00f6glichst lange Freude bereiten:<\/p>\n\n\n\n<ul class=\"wp-block-list\">\n<li>Duvets und Kissen brauchen morgens viel frische Luft, damit sie die im Schlaf aufgenommene Feuchtigkeit wieder abgeben k\u00f6nnen. Deshalb: T\u00e4glich gut l\u00fcften, dabei vor direkter Sonneneinstrahlung sch\u00fctzen.<\/li>\n\n\n\n<li>Duvets und Kissen morgens leicht aufsch\u00fctteln. Bei manchen Duvets kann es vorkommen, dass die F\u00fcllung \u00abwandert\u00bb. Dann sollten die Daunen und Federn von Zeit zu Zeit durch Streichen mit der Hand neu verteilt werden.<\/li>\n\n\n\n<li>Vor allem bei der Kassettenverarbeitung ist darauf zu achten, dass die Duvets vorzugsweise in Querrichtung aufgesch\u00fcttelt werden.<\/li>\n\n\n\n<li>Keine Staubsauger und Teppichklopfer verwenden.<\/li>\n\n\n\n<li>Bett nicht mit Tagesdecke zudecken (zur besseren Regeneration des Bettklimas).<\/li>\n\n\n\n<li>Bettw\u00e4sche regelm\u00e4ssig wechseln. Beim Beziehen Kopf- und Fussende vertauschen.<\/li>\n<\/ul>\n","protected":false},"excerpt":{"rendered":"<p>LANGLEBIGKEIT UND H\u00d6CHSTER SCHLAFKOMFORT DURCH RICHTIGE PFLEGE Je sorgf\u00e4ltiger Duvets und Kissen gepflegt werden, desto besser erf\u00fcllen sie die Anspr\u00fcche an [&hellip;]<\/p>\n","protected":false},"author":2,"featured_media":8971,"parent":8965,"menu_order":0,"comment_status":"closed","ping_status":"closed","template":"","meta":{"_acf_changed":false,"footnotes":""},"class_list":["post-8970","page","type-page","status-publish","has-post-thumbnail","hentry"],"acf":[],"_links":{"self":[{"href":"https:\/\/billerbeck.info\/ch\/wp-json\/wp\/v2\/pages\/8970","targetHints":{"allow":["GET"]}}],"collection":[{"href":"https:\/\/billerbeck.info\/ch\/wp-json\/wp\/v2\/pages"}],"about":[{"href":"https:\/\/billerbeck.info\/ch\/wp-json\/wp\/v2\/types\/page"}],"author":[{"embeddable":true,"href":"https:\/\/billerbeck.info\/ch\/wp-json\/wp\/v2\/users\/2"}],"replies":[{"embeddable":true,"href":"https:\/\/billerbeck.info\/ch\/wp-json\/wp\/v2\/comments?post=8970"}],"version-history":[{"count":2,"href":"https:\/\/billerbeck.info\/ch\/wp-json\/wp\/v2\/pages\/8970\/revisions"}],"predecessor-version":[{"id":14764,"href":"https:\/\/billerbeck.info\/ch\/wp-json\/wp\/v2\/pages\/8970\/revisions\/14764"}],"up":[{"embeddable":true,"href":"https:\/\/billerbeck.info\/ch\/wp-json\/wp\/v2\/pages\/8965"}],"wp:featuredmedia":[{"embeddable":true,"href":"https:\/\/billerbeck.info\/ch\/wp-json\/wp\/v2\/media\/8971"}],"wp:attachment":[{"href":"https:\/\/billerbeck.info\/ch\/wp-json\/wp\/v2\/media?parent=8970"}],"curies":[{"name":"wp","href":"https:\/\/api.w.org\/{rel}","templated":true}]}}