{"id":9452,"date":"2023-09-28T09:25:50","date_gmt":"2023-09-28T07:25:50","guid":{"rendered":"https:\/\/billerbeck.info\/?page_id=9452"},"modified":"2025-07-01T16:54:02","modified_gmt":"2025-07-01T14:54:02","slug":"boutiques-en-ligne","status":"publish","type":"page","link":"https:\/\/billerbeck.info\/fr-ch\/clients\/boutiques-en-ligne\/","title":{"rendered":"Boutiques en ligne"},"content":{"rendered":"\n<p class=\"has-text-align-center\">Vous pouvez faire vos achats 24\u00a0heures sur\u00a024 dans nos boutiques en ligne billerbeck.<br>Notre service client\u00e8le se fera un plaisir de r\u00e9pondre \u00e0 toutes vos questions.<\/p>\n\n\n\n<h2 class=\"wp-block-heading has-text-align-center\"><br><a href=\"https:\/\/billerbeck.shop\/ch-fr\" target=\"_blank\" rel=\"noreferrer noopener\">billerbeck<\/a><a href=\"https:\/\/www.dauny.ch\/\" target=\"_blank\" rel=\"noopener\"> <\/a>|<a href=\"https:\/\/www.dauny.ch\/\" target=\"_blank\" rel=\"noopener\"> <\/a><a href=\"https:\/\/www.dauny.ch\/fr\/\" target=\"_blank\" rel=\"noreferrer noopener\">Dauny<sup>\u00ae<\/sup><\/a><\/h2>\n\n\n\n<p><\/p>\n","protected":false},"excerpt":{"rendered":"<p>Vous pouvez faire vos achats 24\u00a0heures sur\u00a024 dans nos boutiques en ligne billerbeck.Notre service client\u00e8le se fera un plaisir de r\u00e9pondre [&hellip;]<\/p>\n","protected":false},"author":7,"featured_media":14601,"parent":9448,"menu_order":0,"comment_status":"closed","ping_status":"closed","template":"","meta":{"_acf_changed":false,"footnotes":""},"class_list":["post-9452","page","type-page","status-publish","has-post-thumbnail","hentry"],"acf":[],"_links":{"self":[{"href":"https:\/\/billerbeck.info\/fr-ch\/wp-json\/wp\/v2\/pages\/9452","targetHints":{"allow":["GET"]}}],"collection":[{"href":"https:\/\/billerbeck.info\/fr-ch\/wp-json\/wp\/v2\/pages"}],"about":[{"href":"https:\/\/billerbeck.info\/fr-ch\/wp-json\/wp\/v2\/types\/page"}],"author":[{"embeddable":true,"href":"https:\/\/billerbeck.info\/fr-ch\/wp-json\/wp\/v2\/users\/7"}],"replies":[{"embeddable":true,"href":"https:\/\/billerbeck.info\/fr-ch\/wp-json\/wp\/v2\/comments?post=9452"}],"version-history":[{"count":9,"href":"https:\/\/billerbeck.info\/fr-ch\/wp-json\/wp\/v2\/pages\/9452\/revisions"}],"predecessor-version":[{"id":15071,"href":"https:\/\/billerbeck.info\/fr-ch\/wp-json\/wp\/v2\/pages\/9452\/revisions\/15071"}],"up":[{"embeddable":true,"href":"https:\/\/billerbeck.info\/fr-ch\/wp-json\/wp\/v2\/pages\/9448"}],"wp:featuredmedia":[{"embeddable":true,"href":"https:\/\/billerbeck.info\/fr-ch\/wp-json\/wp\/v2\/media\/14601"}],"wp:attachment":[{"href":"https:\/\/billerbeck.info\/fr-ch\/wp-json\/wp\/v2\/media?parent=9452"}],"curies":[{"name":"wp","href":"https:\/\/api.w.org\/{rel}","templated":true}]}}