{"id":9453,"date":"2023-09-28T09:25:54","date_gmt":"2023-09-28T07:25:54","guid":{"rendered":"https:\/\/billerbeck.info\/?page_id=9453"},"modified":"2025-07-02T08:27:58","modified_gmt":"2025-07-02T06:27:58","slug":"commerce-specialise","status":"publish","type":"page","link":"https:\/\/billerbeck.info\/fr-ch\/clients\/commerce-specialise\/","title":{"rendered":"Commerce sp\u00e9cialis\u00e9"},"content":{"rendered":"\n<h2 class=\"wp-block-heading has-text-align-center\">billerbeck \u2013 votre partenaire en literie pour un succ\u00e8s \u00e0 long terme<\/h2>\n\n\n\n<p>Profitez de votre interlocuteur personnel et d\u00e9couvrez des offres sur mesure pour les clients professionnels parmi notre vaste gamme de literie.<\/p>\n\n\n\n<p><strong>Tout d&#8217;une seule source<\/strong><\/p>\n\n\n\n<p>Nous veillons \u00e0 ce que seules des mati\u00e8res premi\u00e8res irr\u00e9prochables soient utilis\u00e9es dans nos sites de production. Car un bon sommeil exige une qualit\u00e9 \u00e9lev\u00e9e constante des mati\u00e8res premi\u00e8res et des processus de transformation respectueux de l&#8217;environnement.<\/p>\n\n\n\n<p><strong>Une literie de qualit\u00e9 pour un sommeil r\u00e9parateur<\/strong><\/p>\n\n\n\n<p>Pour nous, un bon sommeil et des produits de qualit\u00e9 vont de pair. C&#8217;est pourquoi nous nous concentrons sur des articles de literie de haute qualit\u00e9 et avons l&#8217;ambition d&#8217;\u00eatre les meilleurs de notre classe avec nos diff\u00e9rents assortiments. Ainsi, seuls les produits dignes de billerbeck parviennent au client.<\/p>\n\n\n\n<p><strong>Augmentation de l&#8217;exp\u00e9rience client gr\u00e2ce \u00e0 un service qui porte ses fruits<\/strong><\/p>\n\n\n\n<ul class=\"wp-block-list\">\n<li><strong>Formations sur les produits :<\/strong> Nous soutenons nos clients commerciaux par des conseils comp\u00e9tents et une formation professionnelle du personnel de vente sur les produits.<\/li>\n<\/ul>\n\n\n\n<p><\/p>\n\n\n\n<ul class=\"wp-block-list\">\n<li><strong>Pr\u00e9sentation en magasin :<\/strong> pour une pr\u00e9sence r\u00e9ussie de billerbeck sur le point de vente, nous d\u00e9veloppons pour vous des pr\u00e9sentations en magasin sur mesure.<\/li>\n<\/ul>\n\n\n\n<p><\/p>\n\n\n\n<ul class=\"wp-block-list\">\n<li><strong>Marketing :<\/strong> nous vous soutenons avec du mat\u00e9riel publicitaire promotionnel, des mesures RP ainsi que des informations pour le client final sur les produits et sur le sommeil r\u00e9parateur.<\/li>\n<\/ul>\n\n\n\n<p><\/p>\n\n\n\n<ul class=\"wp-block-list\">\n<li>Conseils pour le sommeil et informations int\u00e9ressantes sur des th\u00e8mes actuels par l&#8217;expert du sommeil billerbeck sur le <a href=\"https:\/\/billerbeck.shop\/blog\/ch-fr\/\" target=\"_blank\" rel=\"noopener\">blog<\/a>.<\/li>\n<\/ul>\n\n\n\n<figure class=\"wp-block-image size-full\"><img loading=\"lazy\" decoding=\"async\" width=\"1024\" height=\"640\" src=\"https:\/\/billerbeck.info\/wp-content\/uploads\/2025\/07\/billerbeck-beratung-service-fachhandel-verkaufsmaterialien-pos-presenter-boxen.jpg\" alt=\"\" class=\"wp-image-15058\" srcset=\"https:\/\/billerbeck.info\/wp-content\/uploads\/2025\/07\/billerbeck-beratung-service-fachhandel-verkaufsmaterialien-pos-presenter-boxen.jpg 1024w, https:\/\/billerbeck.info\/wp-content\/uploads\/2025\/07\/billerbeck-beratung-service-fachhandel-verkaufsmaterialien-pos-presenter-boxen-300x188.jpg 300w, https:\/\/billerbeck.info\/wp-content\/uploads\/2025\/07\/billerbeck-beratung-service-fachhandel-verkaufsmaterialien-pos-presenter-boxen-768x480.jpg 768w\" sizes=\"auto, (max-width: 1024px) 100vw, 1024px\" \/><\/figure>\n","protected":false},"excerpt":{"rendered":"<p>billerbeck \u2013 votre partenaire en literie pour un succ\u00e8s \u00e0 long terme Profitez de votre interlocuteur personnel et d\u00e9couvrez des offres [&hellip;]<\/p>\n","protected":false},"author":7,"featured_media":14677,"parent":9448,"menu_order":0,"comment_status":"closed","ping_status":"closed","template":"","meta":{"_acf_changed":false,"footnotes":""},"class_list":["post-9453","page","type-page","status-publish","has-post-thumbnail","hentry"],"acf":[],"_links":{"self":[{"href":"https:\/\/billerbeck.info\/fr-ch\/wp-json\/wp\/v2\/pages\/9453","targetHints":{"allow":["GET"]}}],"collection":[{"href":"https:\/\/billerbeck.info\/fr-ch\/wp-json\/wp\/v2\/pages"}],"about":[{"href":"https:\/\/billerbeck.info\/fr-ch\/wp-json\/wp\/v2\/types\/page"}],"author":[{"embeddable":true,"href":"https:\/\/billerbeck.info\/fr-ch\/wp-json\/wp\/v2\/users\/7"}],"replies":[{"embeddable":true,"href":"https:\/\/billerbeck.info\/fr-ch\/wp-json\/wp\/v2\/comments?post=9453"}],"version-history":[{"count":3,"href":"https:\/\/billerbeck.info\/fr-ch\/wp-json\/wp\/v2\/pages\/9453\/revisions"}],"predecessor-version":[{"id":15087,"href":"https:\/\/billerbeck.info\/fr-ch\/wp-json\/wp\/v2\/pages\/9453\/revisions\/15087"}],"up":[{"embeddable":true,"href":"https:\/\/billerbeck.info\/fr-ch\/wp-json\/wp\/v2\/pages\/9448"}],"wp:featuredmedia":[{"embeddable":true,"href":"https:\/\/billerbeck.info\/fr-ch\/wp-json\/wp\/v2\/media\/14677"}],"wp:attachment":[{"href":"https:\/\/billerbeck.info\/fr-ch\/wp-json\/wp\/v2\/media?parent=9453"}],"curies":[{"name":"wp","href":"https:\/\/api.w.org\/{rel}","templated":true}]}}