{"id":9517,"date":"2023-09-28T09:29:32","date_gmt":"2023-09-28T07:29:32","guid":{"rendered":"https:\/\/billerbeck.info\/?page_id=9517"},"modified":"2023-09-28T09:29:33","modified_gmt":"2023-09-28T07:29:33","slug":"employes","status":"publish","type":"page","link":"https:\/\/billerbeck.info\/fr-ch\/durabilite\/employes\/","title":{"rendered":"Employ\u00e9s"},"content":{"rendered":"\n<h2 class=\"wp-block-heading\">Espaces de d\u00e9veloppement pour les employ\u00e9s<\/h2>\n\n\n\n<p>Ta bonne journ\u00e9e commence la nuit, parce que de nombreuses t\u00eates intelligentes et des mains travailleuses donnent chaque jour le meilleur d&#8217;elles-m\u00eames. Car toute la literie billerbeck, chaque distinction et chaque succ\u00e8s, sont toujours le r\u00e9sultat d&#8217;une excellente \u00e9quipe et de chaque collaborateur.<\/p>\n\n\n\n<p>En tant qu&#8217;entreprise familiale existant depuis 1921, nous vivons des valeurs transg\u00e9n\u00e9rationnelles et souhaitons contribuer \u00e0 fa\u00e7onner le monde de demain de mani\u00e8re durable, innovante et judicieuse. Dans ce contexte, notre ambition est d&#8217;\u00eatre un employeur juste et attractif, de faire \u00e9voluer nos collaborateurs et de les lier \u00e0 billerbeck \u00e0 long terme.<\/p>\n\n\n\n<p>Toutes les collaboratrices et tous les collaborateurs de billerbeck constituent la base du succ\u00e8s de l&#8217;entreprise. Ils se distinguent par leurs qualifications professionnelles et leur engagement. Pour cela, nous leur offrons des postes de travail s\u00fbrs, des t\u00e2ches \u00e0 responsabilit\u00e9 ainsi que des conditions de travail optimales qui contribuent \u00e0 leur motivation et \u00e0 leur satisfaction \u00e0 long terme au travail.<\/p>\n\n\n\n<p><strong>Diversit\u00e9<\/strong><\/p>\n\n\n\n<p>Nous accordons une grande importance \u00e0 la diversit\u00e9. En effet, nous consid\u00e9rons la richesse de la diversit\u00e9 comme un grand gain d&#8217;exp\u00e9rience. Elle nous aide \u00e0 stimuler la cr\u00e9ativit\u00e9 et \u00e0 promouvoir l&#8217;innovation. Chaque collaborateur nous ouvre de nouveaux horizons sous des angles diff\u00e9rents et nous enrichit de son unicit\u00e9. Chaque jour, nous tirons profit de la valeur ajout\u00e9e des diff\u00e9rents \u00e2ges, sexes, pays et cultures de nos collaborateurs.<\/p>\n\n\n\n<p><strong>\u00c9galit\u00e9 des chances<\/strong><\/p>\n\n\n\n<p>Avec 60%, le taux de femmes est \u00e9lev\u00e9 chez billerbeck. Nous attachons une grande importance \u00e0 ne pas faire de diff\u00e9rences de r\u00e9mun\u00e9ration en fonction du sexe.<\/p>\n\n\n\n<p><strong>Un climat de travail sain et des relations respectueuses.<\/strong><\/p>\n\n\n\n<p>Nous accordons une grande importance \u00e0 la transparence et \u00e0 la droiture dans nos relations avec les coll\u00e8gues et les clients, car ces composantes sont pour nous les conditions pr\u00e9alables \u00e0 une cohabitation fonctionnelle ainsi qu&#8217;\u00e0 un climat de travail sain dans l&#8217;entreprise. Nous nous traitons avec respect, compr\u00e9hension et estime. Toute forme de discrimination n&#8217;a pas sa place chez nous, car elle va \u00e0 l&#8217;encontre de notre principe de relations ouvertes et respectueuses, qui fait partie de notre culture d&#8217;entreprise.<\/p>\n\n\n\n<p><strong>Comit\u00e9 d&#8217;entreprise<\/strong><\/p>\n\n\n\n<p>Gr\u00e2ce aux repr\u00e9sentants du personnel au sein du comit\u00e9 d&#8217;entreprise, nos collaborateurs participent aux d\u00e9cisions importantes et peuvent faire valoir directement leurs int\u00e9r\u00eats. Les th\u00e8mes pertinents sont discut\u00e9s et chacun a la possibilit\u00e9 de s&#8217;impliquer activement.<\/p>\n\n\n\n<p><strong>Mod\u00e8les de travail<\/strong><\/p>\n\n\n\n<p>Il est important pour nous d&#8217;adapter les conditions de travail aux besoins de la situation de vie de chacun dans les domaines de t\u00e2ches les plus divers. Afin de mieux concilier vie de famille et vie professionnelle, nous proposons \u00e0 nos collaborateurs des emplois \u00e0 temps partiel ou, selon le domaine d&#8217;activit\u00e9, le t\u00e9l\u00e9travail.<\/p>\n\n\n\n<p>La formation continue est fortement encourag\u00e9e chez billerbeck. Nos collaborateurs suivent r\u00e9guli\u00e8rement des s\u00e9minaires et des formations qualifi\u00e9es.<\/p>\n\n\n\n<p><strong>Un concept de formation durable<\/strong><\/p>\n\n\n\n<p>Chaque ann\u00e9e, nous offrons aux jeunes la possibilit\u00e9 d&#8217;effectuer leur formation d&#8217;agent technico-commercial dans notre entreprise ainsi que des stages. Si les performances le permettent, nous attachons une grande importance \u00e0 l&#8217;embauche \u00e0 l&#8217;issue de la formation. En effet, nombre de nos collaborateurs travaillent chez nous depuis plusieurs d\u00e9cennies, car ils ont \u00e9galement \u00e9t\u00e9 embauch\u00e9s directement apr\u00e8s avoir termin\u00e9 leur formation.<\/p>\n\n\n\n<p><strong>Inclusion de personnes handicap\u00e9es<\/strong><\/p>\n\n\n\n<p>Nous employons des personnes handicap\u00e9es dans la production et dans l&#8217;entrep\u00f4t de produits finis. Les postes de travail ainsi que le contenu du travail ont \u00e9t\u00e9 adapt\u00e9s aux capacit\u00e9s des collaborateurs.<\/p>\n\n\n\n<p><strong>Int\u00e9gration des r\u00e9fugi\u00e9s<\/strong><\/p>\n\n\n\n<p>Depuis d\u00e9but 2019, nous int\u00e9grons cinq r\u00e9fugi\u00e9s syriens dans le travail de notre entreprise. Ils ont \u00e9t\u00e9 embauch\u00e9s dans la production et parlent d\u00e9j\u00e0 l&#8217;allemand en raison de leur parcours scolaire.<\/p>\n\n\n\n<p><strong>Promotion des \u00e9changes personnels<\/strong><\/p>\n\n\n\n<p>Il y a suffisamment de possibilit\u00e9s de se retirer \u00e0 la cantine ou dans les salles de pause. Les collaborateurs peuvent \u00e9galement se r\u00e9jouir r\u00e9guli\u00e8rement de petites attentions, d&#8217;actions ainsi que de f\u00eates collectives, de primes d&#8217;anniversaire et de cadeaux pour les anniversaires ronds, et apprennent \u00e0 mieux se conna\u00eetre entre les diff\u00e9rents services.<\/p>\n\n\n\n<p><strong>Sant\u00e9 des employ\u00e9s<\/strong><\/p>\n\n\n\n<p>Afin de pr\u00e9venir les probl\u00e8mes de dos, nos collaborateurs peuvent, s&#8217;ils le souhaitent, disposer de bureaux r\u00e9glables en hauteur. Selon les besoins, les postes de travail disposent \u00e9galement de plusieurs \u00e9crans.<\/p>\n\n\n\n<p><strong>Journal du personnel<\/strong><\/p>\n\n\n\n<p>Tous les collaborateurs sont r\u00e9guli\u00e8rement inform\u00e9s des nouveaut\u00e9s de l&#8217;entreprise ou de la branche et peuvent apporter leur contribution th\u00e9matique.<\/p>\n\n\n\n<p><strong>Syst\u00e8me de suggestions<\/strong><\/p>\n\n\n\n<p>Comme nos collaborateurs connaissent le mieux leurs domaines d&#8217;activit\u00e9 et que le bien-\u00eatre de chacun nous tient \u00e0 c\u0153ur, le syst\u00e8me de suggestions est un outil pr\u00e9cieux pour l&#8217;optimisation et le d\u00e9veloppement de l&#8217;entreprise. Chaque collaborateur peut y soumettre ses id\u00e9es, ses propositions d&#8217;am\u00e9lioration et ses souhaits de mise en \u0153uvre.<\/p>\n","protected":false},"excerpt":{"rendered":"<p>Espaces de d\u00e9veloppement pour les employ\u00e9s Ta bonne journ\u00e9e commence la nuit, parce que de nombreuses t\u00eates intelligentes et des mains [&hellip;]<\/p>\n","protected":false},"author":7,"featured_media":15538,"parent":9459,"menu_order":0,"comment_status":"closed","ping_status":"closed","template":"","meta":{"_acf_changed":false,"footnotes":""},"class_list":["post-9517","page","type-page","status-publish","has-post-thumbnail","hentry"],"acf":[],"_links":{"self":[{"href":"https:\/\/billerbeck.info\/fr-ch\/wp-json\/wp\/v2\/pages\/9517","targetHints":{"allow":["GET"]}}],"collection":[{"href":"https:\/\/billerbeck.info\/fr-ch\/wp-json\/wp\/v2\/pages"}],"about":[{"href":"https:\/\/billerbeck.info\/fr-ch\/wp-json\/wp\/v2\/types\/page"}],"author":[{"embeddable":true,"href":"https:\/\/billerbeck.info\/fr-ch\/wp-json\/wp\/v2\/users\/7"}],"replies":[{"embeddable":true,"href":"https:\/\/billerbeck.info\/fr-ch\/wp-json\/wp\/v2\/comments?post=9517"}],"version-history":[{"count":1,"href":"https:\/\/billerbeck.info\/fr-ch\/wp-json\/wp\/v2\/pages\/9517\/revisions"}],"predecessor-version":[{"id":9571,"href":"https:\/\/billerbeck.info\/fr-ch\/wp-json\/wp\/v2\/pages\/9517\/revisions\/9571"}],"up":[{"embeddable":true,"href":"https:\/\/billerbeck.info\/fr-ch\/wp-json\/wp\/v2\/pages\/9459"}],"wp:featuredmedia":[{"embeddable":true,"href":"https:\/\/billerbeck.info\/fr-ch\/wp-json\/wp\/v2\/media\/15538"}],"wp:attachment":[{"href":"https:\/\/billerbeck.info\/fr-ch\/wp-json\/wp\/v2\/media?parent=9517"}],"curies":[{"name":"wp","href":"https:\/\/api.w.org\/{rel}","templated":true}]}}