{"id":9519,"date":"2023-09-28T09:29:53","date_gmt":"2023-09-28T07:29:53","guid":{"rendered":"https:\/\/billerbeck.info\/?page_id=9519"},"modified":"2023-09-28T09:29:54","modified_gmt":"2023-09-28T07:29:54","slug":"engagement-local-envers-les-personnes-les-animaux-et-lenvironnement","status":"publish","type":"page","link":"https:\/\/billerbeck.info\/fr-ch\/durabilite\/engagement-local-envers-les-personnes-les-animaux-et-lenvironnement\/","title":{"rendered":"Engagement local envers les personnes, les animaux et l\u2019environnement"},"content":{"rendered":"\n<h2 class=\"wp-block-heading\">Coop\u00e9ration avec les organisations de soutien social et culturel<\/h2>\n\n\n\n<p>L\u2019objectif des dons billerbeck est de d\u00e9montrer et de valoriser la diversit\u00e9 de l\u2019engagement social. C\u2019est pourquoi nous soutenons de nombreuses initiatives civiques avec nos partenaires. Cet engagement en faveur de projets sociaux et culturels locaux est une question qui nous tient \u00e0 c\u0153ur et une priorit\u00e9 absolue pour nous.<\/p>\n\n\n\n<p>Outre notre engagement en faveur de campagnes locales et d\u2019associations culturelles telles que l\u2019\u00e9cole de musique et d\u2019art de Bruchsal, nous attachons une importance particuli\u00e8re au soutien d\u2019organisations sociales telles que \u00ab Ein Herz f\u00fcr Kinder \u00bb (\u00ab Un c\u0153ur pour les enfants \u00bb) ou \u00ab blut.eV \u2013 B\u00fcrger f\u00fcr Leuk\u00e4mie- und Tumorerkrankungen \u00bb (\u00ab Citoyens pour la leuc\u00e9mie et les maladies tumorales \u00bb).<\/p>\n\n\n\n<h2 class=\"wp-block-heading\">Initiative de protection des insectes<\/h2>\n\n\n\n<p>Une prairie situ\u00e9e \u00e0 proximit\u00e9 imm\u00e9diate des locaux de notre entreprise a \u00e9t\u00e9 achet\u00e9e par billerbeck en 2019 et confi\u00e9e \u00e0 un agriculteur qui la g\u00e8re selon des r\u00e8gles \u00e9cologiques strictes, dont le respect est pour nous une priorit\u00e9 absolue. Par exemple, la faible utilisation d\u2019engrais ou le fait que les terres ne sont fauch\u00e9es que deux fois par an avec des outils de coupe, ce qui est tr\u00e8s important pour la population d\u2019insectes et la protection des esp\u00e8ces en particulier.<\/p>\n\n\n\n<p>Par cet engagement, nous voulons apporter une contribution durable \u00e0 la conservation de la nature et notamment \u00e0 la lutte contre la disparition probl\u00e9matique des insectes. Ce faisant, nous nous int\u00e9ressons particuli\u00e8rement au bon entretien, voire \u00e0 l\u2019am\u00e9lioration de la prairie afin d\u2019assurer une plus grande richesse en terme de faune et de flore.<\/p>\n\n\n\n<h2 class=\"wp-block-heading\">Notre engagement en faveur de la conservation de la nature<\/h2>\n\n\n\n<p>Afin de souligner notre engagement local et, surtout, notre engagement en faveur de la protection de la nature, nous attachons une grande importance \u00e0 notre coop\u00e9ration avec le NABU (Syndicat de conservation de la nature et de la biodiversit\u00e9) Kraichtal. Les dons r\u00e9guliers sont notamment utilis\u00e9s pour l\u2019achat de terrains que le NABU Kraichtal g\u00e8re dans l\u2019int\u00e9r\u00eat de la conservation de la nature.<\/p>\n\n\n\n<figure class=\"wp-block-gallery has-nested-images columns-default is-cropped wp-block-gallery-1 is-layout-flex wp-block-gallery-is-layout-flex\">\n<figure class=\"wp-block-image size-large\"><img loading=\"lazy\" decoding=\"async\" width=\"1024\" height=\"682\" data-id=\"790\" src=\"https:\/\/billerbeck.info\/wp-content\/uploads\/2021\/03\/billerbeck-Nachhaltigkeit_1_Umwelt_5_Regionales-Engagement_3.Level_billerbeck-NABU-1024x682.jpg\" alt=\"\" class=\"wp-image-790\" srcset=\"https:\/\/billerbeck.info\/wp-content\/uploads\/2021\/03\/billerbeck-Nachhaltigkeit_1_Umwelt_5_Regionales-Engagement_3.Level_billerbeck-NABU-1024x682.jpg 1024w, https:\/\/billerbeck.info\/wp-content\/uploads\/2021\/03\/billerbeck-Nachhaltigkeit_1_Umwelt_5_Regionales-Engagement_3.Level_billerbeck-NABU-300x200.jpg 300w, https:\/\/billerbeck.info\/wp-content\/uploads\/2021\/03\/billerbeck-Nachhaltigkeit_1_Umwelt_5_Regionales-Engagement_3.Level_billerbeck-NABU-768x512.jpg 768w, https:\/\/billerbeck.info\/wp-content\/uploads\/2021\/03\/billerbeck-Nachhaltigkeit_1_Umwelt_5_Regionales-Engagement_3.Level_billerbeck-NABU.jpg 1280w\" sizes=\"auto, (max-width: 1024px) 100vw, 1024px\" \/><\/figure>\n\n\n\n<figure class=\"wp-block-image size-large\"><img loading=\"lazy\" decoding=\"async\" width=\"1024\" height=\"682\" data-id=\"793\" src=\"https:\/\/billerbeck.info\/wp-content\/uploads\/2021\/03\/billerbeck-Nachhaltigkeit_1_Umwelt_5_Regionales-Engagement_3.Level_billerbeck-Wiese-1024x682.jpg\" alt=\"\" class=\"wp-image-793\" srcset=\"https:\/\/billerbeck.info\/wp-content\/uploads\/2021\/03\/billerbeck-Nachhaltigkeit_1_Umwelt_5_Regionales-Engagement_3.Level_billerbeck-Wiese-1024x682.jpg 1024w, https:\/\/billerbeck.info\/wp-content\/uploads\/2021\/03\/billerbeck-Nachhaltigkeit_1_Umwelt_5_Regionales-Engagement_3.Level_billerbeck-Wiese-300x200.jpg 300w, https:\/\/billerbeck.info\/wp-content\/uploads\/2021\/03\/billerbeck-Nachhaltigkeit_1_Umwelt_5_Regionales-Engagement_3.Level_billerbeck-Wiese-768x512.jpg 768w, https:\/\/billerbeck.info\/wp-content\/uploads\/2021\/03\/billerbeck-Nachhaltigkeit_1_Umwelt_5_Regionales-Engagement_3.Level_billerbeck-Wiese.jpg 1280w\" sizes=\"auto, (max-width: 1024px) 100vw, 1024px\" \/><\/figure>\n<\/figure>\n\n\n\n<p> <\/p>\n\n\n\n<h2 class=\"wp-block-heading\">Association Lebenshilfe Bruchsal-Bretten e.V.<\/h2>\n\n\n\n<p>Depuis plus de 50&nbsp;ans, Lebenshilfe Bruchsal-Bretten e. V. nous soutient dans la production de literie billerbeck. En plus de fabriquer des oreillers de soutien du cou et des sacs de recharge, les employ\u00e9s cousent \u00e9galement des taies d\u2019oreillers pour billerbeck.<\/p>\n\n\n\n<p>Lebenshilfe Bruchsal-Bretten e. V. est une association compos\u00e9e de et aidant les personnes souffrant d\u2019un handicap mental ou \u00e9motionnel dans le district de Bruchsal-Bretten.<\/p>\n\n\n\n<h2 class=\"wp-block-heading\">Don pour le jardin asiatique de Kraichtal<\/h2>\n\n\n\n<p>A Kraichtal-M\u00fcnzesheim se trouve l&#8217;un des plus grands jardins asiatiques d&#8217;Allemagne et aussi l&#8217;un des plus beaux d&#8217;Europe. Le &#8220;jardin du silence serein&#8221; a \u00e9t\u00e9 con\u00e7u en 1985 par le centre de th\u00e9rapie de M\u00fcnzesheim, par le m\u00e9decin-chef de l&#8217;\u00e9poque et passionn\u00e9 d&#8217;Asie, le Dr J\u00fcrgen Schwarz, et a vu le jour gr\u00e2ce \u00e0 des militants et des subventions.<\/p>\n\n\n\n<p>La vision s&#8217;est concr\u00e9tis\u00e9e avec beaucoup de passion et d&#8217;habilet\u00e9 manuelle. Depuis, le projet communautaire de la clinique sert de soutien th\u00e9rapeutique aux patients. Avec un grand souci du d\u00e9tail, le ma\u00eetre jardinier, les th\u00e9rapeutes du travail et les patients agrandissent et entretiennent r\u00e9guli\u00e8rement la splendeur des fleurs et des p\u00e9tales.<\/p>\n\n\n\n<p>Afin de compenser les subventions qui ont \u00e9t\u00e9 supprim\u00e9es entre-temps, un livre d&#8217;images fascinant du jardin asiatique est en cours d&#8217;\u00e9laboration par la &#8220;Verlag Regionalkultur&#8221; et sera financ\u00e9 par des dons.<br>Afin que le jardin asiatique puisse continuer \u00e0 rayonner en Europe, que l&#8217;engagement de la clinique depuis pr\u00e8s de 40 ans soit r\u00e9compens\u00e9 et qu&#8217;un soutien pr\u00e9cieux soit assur\u00e9 aux patients, billerbeck participe au projet de livre par un don g\u00e9n\u00e9reux.<\/p>\n\n\n\n<figure class=\"wp-block-gallery has-nested-images columns-default is-cropped wp-block-gallery-2 is-layout-flex wp-block-gallery-is-layout-flex\">\n<figure class=\"wp-block-image size-large\"><img loading=\"lazy\" decoding=\"async\" width=\"384\" height=\"256\" data-id=\"7079\" src=\"https:\/\/billerbeck.info\/wp-content\/uploads\/2022\/10\/billerbeck-Nachhaltigkeit_Umwelt-Regionales-Engagement_Asiatischer-Garten_Therapiezentrum-Kraichtal_1-3.jpg\" alt=\"\" class=\"wp-image-7079\" srcset=\"https:\/\/billerbeck.info\/wp-content\/uploads\/2022\/10\/billerbeck-Nachhaltigkeit_Umwelt-Regionales-Engagement_Asiatischer-Garten_Therapiezentrum-Kraichtal_1-3.jpg 384w, https:\/\/billerbeck.info\/wp-content\/uploads\/2022\/10\/billerbeck-Nachhaltigkeit_Umwelt-Regionales-Engagement_Asiatischer-Garten_Therapiezentrum-Kraichtal_1-3-300x200.jpg 300w\" sizes=\"auto, (max-width: 384px) 100vw, 384px\" \/><\/figure>\n\n\n\n<figure class=\"wp-block-image size-large\"><img loading=\"lazy\" decoding=\"async\" width=\"1024\" height=\"682\" data-id=\"7083\" src=\"https:\/\/billerbeck.info\/wp-content\/uploads\/2022\/10\/billerbeck-Nachhaltigkeit_Umwelt-Regionales-Engagement_Asiatischer-Garten_Therapiezentrum-Kraichtal_2-2-1024x682.jpg\" alt=\"\" class=\"wp-image-7083\" srcset=\"https:\/\/billerbeck.info\/wp-content\/uploads\/2022\/10\/billerbeck-Nachhaltigkeit_Umwelt-Regionales-Engagement_Asiatischer-Garten_Therapiezentrum-Kraichtal_2-2-1024x682.jpg 1024w, https:\/\/billerbeck.info\/wp-content\/uploads\/2022\/10\/billerbeck-Nachhaltigkeit_Umwelt-Regionales-Engagement_Asiatischer-Garten_Therapiezentrum-Kraichtal_2-2-300x200.jpg 300w, https:\/\/billerbeck.info\/wp-content\/uploads\/2022\/10\/billerbeck-Nachhaltigkeit_Umwelt-Regionales-Engagement_Asiatischer-Garten_Therapiezentrum-Kraichtal_2-2-768x512.jpg 768w, https:\/\/billerbeck.info\/wp-content\/uploads\/2022\/10\/billerbeck-Nachhaltigkeit_Umwelt-Regionales-Engagement_Asiatischer-Garten_Therapiezentrum-Kraichtal_2-2.jpg 1280w\" sizes=\"auto, (max-width: 1024px) 100vw, 1024px\" \/><\/figure>\n<\/figure>\n","protected":false},"excerpt":{"rendered":"<p>Coop\u00e9ration avec les organisations de soutien social et culturel L\u2019objectif des dons billerbeck est de d\u00e9montrer et de valoriser la diversit\u00e9 [&hellip;]<\/p>\n","protected":false},"author":7,"featured_media":11984,"parent":9459,"menu_order":0,"comment_status":"closed","ping_status":"closed","template":"","meta":{"_acf_changed":false,"footnotes":""},"class_list":["post-9519","page","type-page","status-publish","has-post-thumbnail","hentry"],"acf":[],"_links":{"self":[{"href":"https:\/\/billerbeck.info\/fr-ch\/wp-json\/wp\/v2\/pages\/9519","targetHints":{"allow":["GET"]}}],"collection":[{"href":"https:\/\/billerbeck.info\/fr-ch\/wp-json\/wp\/v2\/pages"}],"about":[{"href":"https:\/\/billerbeck.info\/fr-ch\/wp-json\/wp\/v2\/types\/page"}],"author":[{"embeddable":true,"href":"https:\/\/billerbeck.info\/fr-ch\/wp-json\/wp\/v2\/users\/7"}],"replies":[{"embeddable":true,"href":"https:\/\/billerbeck.info\/fr-ch\/wp-json\/wp\/v2\/comments?post=9519"}],"version-history":[{"count":1,"href":"https:\/\/billerbeck.info\/fr-ch\/wp-json\/wp\/v2\/pages\/9519\/revisions"}],"predecessor-version":[{"id":9575,"href":"https:\/\/billerbeck.info\/fr-ch\/wp-json\/wp\/v2\/pages\/9519\/revisions\/9575"}],"up":[{"embeddable":true,"href":"https:\/\/billerbeck.info\/fr-ch\/wp-json\/wp\/v2\/pages\/9459"}],"wp:featuredmedia":[{"embeddable":true,"href":"https:\/\/billerbeck.info\/fr-ch\/wp-json\/wp\/v2\/media\/11984"}],"wp:attachment":[{"href":"https:\/\/billerbeck.info\/fr-ch\/wp-json\/wp\/v2\/media?parent=9519"}],"curies":[{"name":"wp","href":"https:\/\/api.w.org\/{rel}","templated":true}]}}