{"id":9522,"date":"2023-09-28T09:30:24","date_gmt":"2023-09-28T07:30:24","guid":{"rendered":"https:\/\/billerbeck.info\/?page_id=9522"},"modified":"2023-09-28T09:30:25","modified_gmt":"2023-09-28T07:30:25","slug":"recyclage","status":"publish","type":"page","link":"https:\/\/billerbeck.info\/fr-ch\/durabilite\/recyclage\/","title":{"rendered":"Recyclage"},"content":{"rendered":"\n<h2 class=\"wp-block-heading has-text-align-center\">Pour le bien de l\u2019environnement&nbsp;: privil\u00e9gier le r\u00e9utilisable et \u00e9viter le jetable<\/h2>\n\n\n\n<p>Nous sommes particuli\u00e8rement soucieux du recyclage des substances et des mat\u00e9riaux que nous utilisons.<\/p>\n\n\n\n<p>Les d\u00e9chets r\u00e9siduels sont s\u00e9par\u00e9s \u2013 dans la mesure o\u00f9 la loi l\u2019autorise \u2013 et r\u00e9introduits dans le cycle de production. Nous y parvenons gr\u00e2ce \u00e0 des syst\u00e8mes de recirculation modernes, qui nous permettent de r\u00e9int\u00e9grer dans le cycle de flux des mati\u00e8res les pr\u00e9cieuses mati\u00e8res premi\u00e8res qui sont gaspill\u00e9es pendant la production.<\/p>\n\n\n\n<p>De cette mani\u00e8re, nous parvenons \u00e0 garantir qu\u2019aucune de nos fibres, plumes ou duvet de haute qualit\u00e9 ne soit gaspill\u00e9. Cela permet non seulement de r\u00e9duire la quantit\u00e9 de mat\u00e9riaux utilis\u00e9s, mais aussi de prot\u00e9ger l\u2019environnement en r\u00e9duisant de mani\u00e8re \u00e9vidente les \u00e9missions de CO<sub>2<\/sub>.<\/p>\n\n\n\n<p>En collaborant avec des entreprises actives dans ce domaine, nous parvenons \u00e0 recycler ou \u00e0 r\u00e9utiliser les bandes de d\u00e9chets des couettes, oreillers et sur-matelas produits au cours de la production. Alors que le mat\u00e9riau de remplissage retourne \u00e0 billerbeck et est recycl\u00e9 au cours de la production, les bandes de d\u00e9chets sont envoy\u00e9es sous forme de balles press\u00e9es depuis plusieurs ann\u00e9es \u00e0 une entreprise qui peut utiliser le mat\u00e9riau pour un recyclage ult\u00e9rieur.<\/p>\n\n\n\n<h2 class=\"wp-block-heading\">Le tri soigneux des d\u00e9chets est payant<\/h2>\n\n\n\n<p><strong>Passer des d\u00e9chets industriels aux d\u00e9chets recyclables<\/strong><\/p>\n\n\n\n<p>Gr\u00e2ce \u00e0 un syst\u00e8me de gestion des d\u00e9chets bien pens\u00e9, les d\u00e9chets sont tri\u00e9s, valoris\u00e9s et r\u00e9introduits dans le circuit de recyclage. Cela nous a permis de r\u00e9duire consid\u00e9rablement les d\u00e9chets commerciaux et d&#8217;assurer le recyclage des substances et des mat\u00e9riaux.<\/p>\n","protected":false},"excerpt":{"rendered":"<p>Pour le bien de l\u2019environnement&nbsp;: privil\u00e9gier le r\u00e9utilisable et \u00e9viter le jetable Nous sommes particuli\u00e8rement soucieux du recyclage des substances et [&hellip;]<\/p>\n","protected":false},"author":7,"featured_media":9590,"parent":9459,"menu_order":0,"comment_status":"closed","ping_status":"closed","template":"","meta":{"_acf_changed":false,"footnotes":""},"class_list":["post-9522","page","type-page","status-publish","has-post-thumbnail","hentry"],"acf":[],"_links":{"self":[{"href":"https:\/\/billerbeck.info\/fr-ch\/wp-json\/wp\/v2\/pages\/9522","targetHints":{"allow":["GET"]}}],"collection":[{"href":"https:\/\/billerbeck.info\/fr-ch\/wp-json\/wp\/v2\/pages"}],"about":[{"href":"https:\/\/billerbeck.info\/fr-ch\/wp-json\/wp\/v2\/types\/page"}],"author":[{"embeddable":true,"href":"https:\/\/billerbeck.info\/fr-ch\/wp-json\/wp\/v2\/users\/7"}],"replies":[{"embeddable":true,"href":"https:\/\/billerbeck.info\/fr-ch\/wp-json\/wp\/v2\/comments?post=9522"}],"version-history":[{"count":1,"href":"https:\/\/billerbeck.info\/fr-ch\/wp-json\/wp\/v2\/pages\/9522\/revisions"}],"predecessor-version":[{"id":9589,"href":"https:\/\/billerbeck.info\/fr-ch\/wp-json\/wp\/v2\/pages\/9522\/revisions\/9589"}],"up":[{"embeddable":true,"href":"https:\/\/billerbeck.info\/fr-ch\/wp-json\/wp\/v2\/pages\/9459"}],"wp:featuredmedia":[{"embeddable":true,"href":"https:\/\/billerbeck.info\/fr-ch\/wp-json\/wp\/v2\/media\/9590"}],"wp:attachment":[{"href":"https:\/\/billerbeck.info\/fr-ch\/wp-json\/wp\/v2\/media?parent=9522"}],"curies":[{"name":"wp","href":"https:\/\/api.w.org\/{rel}","templated":true}]}}