{"id":9600,"date":"2023-09-28T09:32:21","date_gmt":"2023-09-28T07:32:21","guid":{"rendered":"https:\/\/billerbeck.info\/?page_id=9600"},"modified":"2026-04-14T16:46:50","modified_gmt":"2026-04-14T14:46:50","slug":"responsabilite-sociale-de-lentreprise","status":"publish","type":"page","link":"https:\/\/billerbeck.info\/fr-ch\/durabilite\/responsabilite-sociale-de-lentreprise\/","title":{"rendered":"Responsabilit\u00e9 sociale de l\u2019entreprise"},"content":{"rendered":"\n<p>Notre objectif, en tant qu&#8217;entreprise, est de continuer \u00e0 int\u00e9grer syst\u00e9matiquement le d\u00e9veloppement durable dans nos processus. Nous sommes conscients de notre responsabilit\u00e9 tant \u00e9cologique que sociale et la consid\u00e9rons somme un d\u00e9fi global.<\/p>\n","protected":false},"excerpt":{"rendered":"<p>Notre objectif, en tant qu&#8217;entreprise, est de continuer \u00e0 int\u00e9grer syst\u00e9matiquement le d\u00e9veloppement durable dans nos processus. Nous sommes conscients de [&hellip;]<\/p>\n","protected":false},"author":7,"featured_media":13217,"parent":9459,"menu_order":0,"comment_status":"closed","ping_status":"closed","template":"","meta":{"_acf_changed":false,"footnotes":""},"class_list":["post-9600","page","type-page","status-publish","has-post-thumbnail","hentry"],"acf":[],"_links":{"self":[{"href":"https:\/\/billerbeck.info\/fr-ch\/wp-json\/wp\/v2\/pages\/9600","targetHints":{"allow":["GET"]}}],"collection":[{"href":"https:\/\/billerbeck.info\/fr-ch\/wp-json\/wp\/v2\/pages"}],"about":[{"href":"https:\/\/billerbeck.info\/fr-ch\/wp-json\/wp\/v2\/types\/page"}],"author":[{"embeddable":true,"href":"https:\/\/billerbeck.info\/fr-ch\/wp-json\/wp\/v2\/users\/7"}],"replies":[{"embeddable":true,"href":"https:\/\/billerbeck.info\/fr-ch\/wp-json\/wp\/v2\/comments?post=9600"}],"version-history":[{"count":2,"href":"https:\/\/billerbeck.info\/fr-ch\/wp-json\/wp\/v2\/pages\/9600\/revisions"}],"predecessor-version":[{"id":15936,"href":"https:\/\/billerbeck.info\/fr-ch\/wp-json\/wp\/v2\/pages\/9600\/revisions\/15936"}],"up":[{"embeddable":true,"href":"https:\/\/billerbeck.info\/fr-ch\/wp-json\/wp\/v2\/pages\/9459"}],"wp:featuredmedia":[{"embeddable":true,"href":"https:\/\/billerbeck.info\/fr-ch\/wp-json\/wp\/v2\/media\/13217"}],"wp:attachment":[{"href":"https:\/\/billerbeck.info\/fr-ch\/wp-json\/wp\/v2\/media?parent=9600"}],"curies":[{"name":"wp","href":"https:\/\/api.w.org\/{rel}","templated":true}]}}