{"id":9606,"date":"2023-09-28T09:33:42","date_gmt":"2023-09-28T07:33:42","guid":{"rendered":"https:\/\/billerbeck.info\/?page_id=9606"},"modified":"2025-07-02T08:35:11","modified_gmt":"2025-07-02T06:35:11","slug":"charte","status":"publish","type":"page","link":"https:\/\/billerbeck.info\/fr-ch\/entreprise\/charte\/","title":{"rendered":"Charte"},"content":{"rendered":"\n<p>Notre mission est de cr\u00e9er une base de confiance entre les clients, les actionnaires, la direction, tous les employ\u00e9s, les fournisseurs et les partenaires. Elle d\u00e9finit les valeurs typiques et les principes commerciaux qui guident nos actions.<\/p>\n\n\n\n<p>En tant qu\u2019entreprise de taille moyenne et fabricant de marques renomm\u00e9es, nous avons une grande responsabilit\u00e9, que nous sommes heureux d\u2019assumer. Les fondements de notre travail sont des valeurs et des principes typiques qui guident notre r\u00e9flexion et nos actions entrepreneuriales.<\/p>\n\n\n\n<h2 class=\"wp-block-heading has-text-align-center\">Action orient\u00e9e vers le client<\/h2>\n\n\n\n<p>Dans tous les domaines de notre entreprise, la satisfaction des clients est au centre de nos actions, car notre objectif le plus important est d\u2019am\u00e9liorer chaque jour leur confort de sommeil. Nous voulons permettre \u00e0 nos clients de prendre des d\u00e9cisions d\u2019achat conscientes en les informant et en les conseillant de mani\u00e8re transparente et ouverte gr\u00e2ce \u00e0 l\u2019\u00e9tiquetage des produits et \u00e0 une communication directe.<\/p>\n\n\n\n<h2 class=\"wp-block-heading has-text-align-center\">Les employ\u00e9s \u2013 notre atout le plus pr\u00e9cieux<\/h2>\n\n\n\n<p>Chaque employ\u00e9 apporte une contribution importante \u00e0 notre r\u00e9ussite. Une atmosph\u00e8re interpersonnelle et positive ainsi que la confiance mutuelle et la fiabilit\u00e9 sont les bases de notre coop\u00e9ration. Gr\u00e2ce \u00e0 une communication honn\u00eate et directe, nous instaurons de la confiance entre nous et entretenons ainsi des relations \u00e9quitables les uns avec les autres.<\/p>\n\n\n\n<h2 class=\"wp-block-heading has-text-align-center\">Une coop\u00e9ration bas\u00e9e sur le partenariat avec nos fournisseurs<\/h2>\n\n\n\n<p>Nous assumons la responsabilit\u00e9 des cha\u00eenes d\u2019approvisionnement mondiales et des ressources utilis\u00e9es pour fabriquer nos produits. Dans ce contexte, l\u2019approvisionnement en mat\u00e9riaux d\u00e9clar\u00e9s qui sont obtenus ou produits selon des principes \u00e9cologiques et \u00e9thiques rev\u00eat une grande importance pour nous.<\/p>\n\n\n\n<p>Nous nous effor\u00e7ons d\u2019\u00e9tablir une relation de confiance et de long terme avec nos partenaires commerciaux, qui se caract\u00e9rise par l\u2019\u00e9quit\u00e9, la fiabilit\u00e9 et le soutien mutuel.<\/p>\n\n\n\n<h2 class=\"wp-block-heading has-text-align-center\">Cr\u00e9ation de valeur durable<\/h2>\n\n\n\n<p>Nous attachons une grande importance au fait de jouer le r\u00f4le de mod\u00e8le. Par cons\u00e9quent, notre objectif est de penser et d\u2019agir d\u2019une mani\u00e8re socialement et \u00e9cologiquement responsable. Ce faisant, nous cherchons \u00e0 int\u00e9grer des am\u00e9liorations respectueuses de l\u2019environnement dans les pratiques existantes, minimisant ainsi notre empreinte \u00e9cologique. Nous sommes fiers du niveau de durabilit\u00e9 que nous avons d\u00e9j\u00e0 atteint avec nos produits biologiques.<\/p>\n\n\n\n<h2 class=\"wp-block-heading has-text-align-center\">Engagement social et r\u00e9gional<\/h2>\n\n\n\n<p>Nous nous consid\u00e9rons comme une partie active de la soci\u00e9t\u00e9 et nous sommes impliqu\u00e9s dans de nombreux projets locaux. Notre engagement social et culturel est multiple et vise \u00e0 soutenir de nombreuses institutions. Notre philosophie d\u2019entreprise indique d\u00e9j\u00e0 que nous voulons avoir un effet exemplaire sur notre environnement et nous nous engageons donc \u00e9galement au-del\u00e0 des fronti\u00e8res de l\u2019entreprise.<\/p>\n\n\n\n<p class=\"has-text-align-center\">Vous trouverez notre mission d\u00e9taill\u00e9e ici&nbsp;:<\/p>\n\n\n\n<p class=\"has-text-align-center\"><a download=\"\" rel=\"noopener noreferrer\" href=\"\/wp-content\/uploads\/2021\/05\/billerbeck-Unternehmens-Leitbild-ausfuehrlich.pdf\" target=\"_blank\">PDF DOWNLOADEN<\/a><\/p>\n","protected":false},"excerpt":{"rendered":"<p>Notre mission est de cr\u00e9er une base de confiance entre les clients, les actionnaires, la direction, tous les employ\u00e9s, les fournisseurs [&hellip;]<\/p>\n","protected":false},"author":7,"featured_media":10598,"parent":9601,"menu_order":0,"comment_status":"closed","ping_status":"closed","template":"","meta":{"_acf_changed":false,"footnotes":""},"class_list":["post-9606","page","type-page","status-publish","has-post-thumbnail","hentry"],"acf":[],"_links":{"self":[{"href":"https:\/\/billerbeck.info\/fr-ch\/wp-json\/wp\/v2\/pages\/9606","targetHints":{"allow":["GET"]}}],"collection":[{"href":"https:\/\/billerbeck.info\/fr-ch\/wp-json\/wp\/v2\/pages"}],"about":[{"href":"https:\/\/billerbeck.info\/fr-ch\/wp-json\/wp\/v2\/types\/page"}],"author":[{"embeddable":true,"href":"https:\/\/billerbeck.info\/fr-ch\/wp-json\/wp\/v2\/users\/7"}],"replies":[{"embeddable":true,"href":"https:\/\/billerbeck.info\/fr-ch\/wp-json\/wp\/v2\/comments?post=9606"}],"version-history":[{"count":3,"href":"https:\/\/billerbeck.info\/fr-ch\/wp-json\/wp\/v2\/pages\/9606\/revisions"}],"predecessor-version":[{"id":15090,"href":"https:\/\/billerbeck.info\/fr-ch\/wp-json\/wp\/v2\/pages\/9606\/revisions\/15090"}],"up":[{"embeddable":true,"href":"https:\/\/billerbeck.info\/fr-ch\/wp-json\/wp\/v2\/pages\/9601"}],"wp:featuredmedia":[{"embeddable":true,"href":"https:\/\/billerbeck.info\/fr-ch\/wp-json\/wp\/v2\/media\/10598"}],"wp:attachment":[{"href":"https:\/\/billerbeck.info\/fr-ch\/wp-json\/wp\/v2\/media?parent=9606"}],"curies":[{"name":"wp","href":"https:\/\/api.w.org\/{rel}","templated":true}]}}