{"id":9856,"date":"2023-09-28T09:36:55","date_gmt":"2023-09-28T07:36:55","guid":{"rendered":"https:\/\/billerbeck.info\/?page_id=9856"},"modified":"2023-09-28T09:36:56","modified_gmt":"2023-09-28T07:36:56","slug":"mentions-legales","status":"publish","type":"page","link":"https:\/\/billerbeck.info\/fr-ch\/mentions-legales\/","title":{"rendered":"Mentions l\u00e9gales"},"content":{"rendered":"\n<h2 class=\"wp-block-heading\">Informations conformes \u00e0 l\u2019art.&nbsp;5 de la loi allemande sur les t\u00e9l\u00e9m\u00e9dias (TMG)<\/h2>\n\n\n\n<p>billerbeck Betten-Union GmbH &amp; Co. KG<br>Eppinger Stra\u00dfe 40-44<br>76703 Kraichtal<\/p>\n\n\n\n<p>Registre du commerce allemand A : HRA 231762<br>Attribution de juridiction : tribunal d\u2019instance de Mannheim<\/p>\n\n\n\n<p><strong>Repr\u00e9sent\u00e9 par&nbsp;:<\/strong><br>billerbeck Betten-Union GmbH &amp; Co. KG, Eppinger Stra\u00dfe 40-44, 76703 Kraichtal, Allemagne<\/p>\n\n\n\n<p>Repr\u00e9sent\u00e9 par&nbsp;:<br>Friedrich Ermert<\/p>\n\n\n\n<p>Registre du commerce allemand B : HRB 232763<br>Attribution de juridiction : tribunal d\u2019instance de Mannheim<\/p>\n\n\n\n<h2 class=\"wp-block-heading\">Contact<\/h2>\n\n\n\n<p>T\u00e9l\u00e9phone : +49 (0) 7250 75 \u2013 0<br>Fax : +49 (50) 7250 75 \u2013 50<br>E-mail : info@billerbeck.info<\/p>\n\n\n\n<h2 class=\"wp-block-heading\">Num\u00e9ro TVA intracommunautaire&nbsp;:<\/h2>\n\n\n\n<p>Num\u00e9ro d\u2019identification fiscal conform\u00e9ment \u00e0 l\u2019art. 27 a de la loi allemande relative \u00e0 la taxe sur le chiffre d\u2019affaires :<br>DE121021327<\/p>\n\n\n\n<h2 class=\"wp-block-heading\">Responsable de la publication<\/h2>\n\n\n\n<p>Thomas Ermert, Eppinger Stra\u00dfe 40-44, 76703 Kraichtal<\/p>\n\n\n\n<h2 class=\"wp-block-heading\">R\u00e9solution des litiges UE<\/h2>\n\n\n\n<p>La Commission europ\u00e9enne fournit une plateforme en ligne pour le r\u00e8glement en ligne des litiges&nbsp;:&nbsp;<a href=\"https:\/\/ec.europa.eu\/consumers\/odr\" target=\"_blank\" rel=\"noreferrer noopener\">https:\/\/ec.europa.eu\/consumers\/odr<\/a>.<br>Notre adresse e-mail est indiqu\u00e9e dans les mentions l\u00e9gales ci-dessus.<\/p>\n\n\n\n<h2 class=\"wp-block-heading\">R\u00e8glement des litiges de consommation<\/h2>\n\n\n\n<p>Nous ne sommes pas dispos\u00e9s ni tenus de participer \u00e0 des proc\u00e9dures de r\u00e8glement des litiges devant un conseil d\u2019arbitrage de consommateurs.<\/p>\n\n\n\n<h3 class=\"wp-block-heading\">Responsabilit\u00e9 relative aux contenus<\/h3>\n\n\n\n<p>En tant que fournisseur de services et conform\u00e9ment \u00e0 l\u2019art.&nbsp;7, al.&nbsp;1 de la loi allemande sur les t\u00e9l\u00e9m\u00e9dias (TMG), nous sommes responsables de nos propres contenus sur ces pages en vertu des lois g\u00e9n\u00e9rales. En vertu des art.&nbsp;8 \u00e0 10 de la TMG, nous ne sommes toutefois pas tenus, en tant que fournisseur de services, de surveiller les informations de tiers qui y sont transmises ou enregistr\u00e9es, ni de mener des recherches \u00e0 leur propos pour y d\u00e9tecter une activit\u00e9 ill\u00e9gale.<\/p>\n\n\n\n<p>Les obligations de supprimer ou de bloquer l\u2019utilisation d\u2019informations en vertu des lois g\u00e9n\u00e9rales en vigueur n\u2019en sont pas affect\u00e9es. Une responsabilit\u00e9 \u00e0 ce sujet ne peut n\u00e9anmoins nous \u00eatre imput\u00e9e qu\u2019\u00e0 compter du moment o\u00f9 nous avons pris connaissance d\u2019une violation concr\u00e8te de la loi. Si nous prenons connaissance de telles violations de la loi, nous supprimerons imm\u00e9diatement ces contenus.<\/p>\n\n\n\n<h3 class=\"wp-block-heading\">Responsabilit\u00e9 relative aux liens<\/h3>\n\n\n\n<p>Notre offre contient des liens vers des sites Web externes de tiers dont nous ne contr\u00f4lons pas les contenus. Par cons\u00e9quent, nous ne pouvons assumer aucune responsabilit\u00e9 pour les contenus de ces sites externes. La responsabilit\u00e9 du contenu des sites li\u00e9s incombe exclusivement au fournisseur ou \u00e0 l\u2019exploitant des sites respectifs. Les pages li\u00e9es ont \u00e9t\u00e9 v\u00e9rifi\u00e9es au moment de la cr\u00e9ation du lien afin de s\u2019assurer qu\u2019elles ne repr\u00e9sentaient pas de violation de la loi. Aucun contenu ill\u00e9gal n\u2019a \u00e9t\u00e9 constat\u00e9 au moment de l\u2019int\u00e9gration de ces liens.<\/p>\n\n\n\n<p>Un contr\u00f4le permanent du contenu des pages auxquelles renvoient les liens n\u2019est toutefois pas envisageable sans indication concr\u00e8te d\u2019une infraction \u00e0 la loi. Si nous prenons connaissance de telles violations de la loi, nous supprimerons imm\u00e9diatement ces contenus.<\/p>\n\n\n\n<h3 class=\"wp-block-heading\">Droits d\u2019auteur<\/h3>\n\n\n\n<p>Les contenus et \u0153uvres mis en ligne par les exploitants de ce site Web sont soumis \u00e0 la r\u00e9glementation allemande sur les droits d\u2019auteur. Toute reproduction, modification, diffusion ou autre forme d\u2019exploitation de ces contenus d\u00e9passant le cadre d\u00e9termin\u00e9 par la l\u00e9gislation en mati\u00e8re de droits d\u2019auteur n\u00e9cessite le consentement \u00e9crit de l\u2019auteur ou du cr\u00e9ateur concern\u00e9. Les t\u00e9l\u00e9chargements et les copies de ces pages sont autoris\u00e9s uniquement dans le cadre d\u2019un usage priv\u00e9 et non commercial.<\/p>\n\n\n\n<p>Dans la mesure o\u00f9 les contenus de ces sites n\u2019ont pas \u00e9t\u00e9 \u00e9labor\u00e9s par l\u2019exploitant, les droits d\u2019auteur des tiers concern\u00e9s sont respect\u00e9s. En particulier, les contenus de tiers seront d\u00e9sign\u00e9s comme tels. Cependant, si vous constatez une quelconque violation de droit d\u2019auteur, nous vous prions de nous en informer. Si nous prenons connaissance de telles violations de la loi, nous supprimerons imm\u00e9diatement ces contenus.<\/p>\n","protected":false},"excerpt":{"rendered":"<p>Informations conformes \u00e0 l\u2019art.&nbsp;5 de la loi allemande sur les t\u00e9l\u00e9m\u00e9dias (TMG) billerbeck Betten-Union GmbH &amp; Co. KGEppinger Stra\u00dfe 40-4476703 Kraichtal [&hellip;]<\/p>\n","protected":false},"author":7,"featured_media":9885,"parent":0,"menu_order":0,"comment_status":"closed","ping_status":"closed","template":"","meta":{"_acf_changed":false,"footnotes":""},"class_list":["post-9856","page","type-page","status-publish","has-post-thumbnail","hentry"],"acf":[],"_links":{"self":[{"href":"https:\/\/billerbeck.info\/fr-ch\/wp-json\/wp\/v2\/pages\/9856","targetHints":{"allow":["GET"]}}],"collection":[{"href":"https:\/\/billerbeck.info\/fr-ch\/wp-json\/wp\/v2\/pages"}],"about":[{"href":"https:\/\/billerbeck.info\/fr-ch\/wp-json\/wp\/v2\/types\/page"}],"author":[{"embeddable":true,"href":"https:\/\/billerbeck.info\/fr-ch\/wp-json\/wp\/v2\/users\/7"}],"replies":[{"embeddable":true,"href":"https:\/\/billerbeck.info\/fr-ch\/wp-json\/wp\/v2\/comments?post=9856"}],"version-history":[{"count":1,"href":"https:\/\/billerbeck.info\/fr-ch\/wp-json\/wp\/v2\/pages\/9856\/revisions"}],"predecessor-version":[{"id":9884,"href":"https:\/\/billerbeck.info\/fr-ch\/wp-json\/wp\/v2\/pages\/9856\/revisions\/9884"}],"wp:featuredmedia":[{"embeddable":true,"href":"https:\/\/billerbeck.info\/fr-ch\/wp-json\/wp\/v2\/media\/9885"}],"wp:attachment":[{"href":"https:\/\/billerbeck.info\/fr-ch\/wp-json\/wp\/v2\/media?parent=9856"}],"curies":[{"name":"wp","href":"https:\/\/api.w.org\/{rel}","templated":true}]}}