{"id":9857,"date":"2023-09-28T09:36:57","date_gmt":"2023-09-28T07:36:57","guid":{"rendered":"https:\/\/billerbeck.info\/?page_id=9857"},"modified":"2025-09-16T08:06:50","modified_gmt":"2025-09-16T06:06:50","slug":"carriere","status":"publish","type":"page","link":"https:\/\/billerbeck.info\/fr-ch\/carriere\/","title":{"rendered":"Carri\u00e8re"},"content":{"rendered":"\n<h2 class=\"wp-block-heading has-text-align-center\">Fa\u00e7onner ensemble le monde du sommeil<\/h2>\n\n\n\n<p>Chez billerbeck, nous pensons qu\u2019avec une bonne literie, vous pouvez bien dormir en tout lieu.&nbsp;<\/p>\n\n\n\n<p>C\u2019est pourquoi nous avons tous un objectif commun en t\u00eate : donner \u00e0 tout un chacun une meilleure qualit\u00e9 de vie gr\u00e2ce \u00e0 un sommeil sain et r\u00e9parateur. Cet esprit communautaire anime la famille Billerbeck depuis 100&nbsp;ans, car UNE BONNE JOURN\u00c9E COMMENCE LA NUIT.<\/p>\n\n\n\n<p>Billerbeck vous offre des postes int\u00e9ressants dans les domaines de la production, de l\u2019exp\u00e9dition, de la vente ainsi que de la finance et de la comptabilit\u00e9. Vous pouvez vous attendre \u00e0 des t\u00e2ches polyvalentes et vari\u00e9es, accomapgn\u00e9es de vastes possibilit\u00e9s de d\u00e9veloppement.<\/p>\n\n\n\n<p>Devenez un membre important de la famille et faites-en sorte que le monde entier dorme bien.<\/p>\n\n\n\n<p>Nous sommes impatients de vous rencontrer.<\/p>\n","protected":false},"excerpt":{"rendered":"<p>Fa\u00e7onner ensemble le monde du sommeil Chez billerbeck, nous pensons qu\u2019avec une bonne literie, vous pouvez bien dormir en tout lieu.&nbsp; [&hellip;]<\/p>\n","protected":false},"author":7,"featured_media":15236,"parent":0,"menu_order":0,"comment_status":"closed","ping_status":"closed","template":"job-page.php","meta":{"_acf_changed":false,"footnotes":""},"class_list":["post-9857","page","type-page","status-publish","has-post-thumbnail","hentry"],"acf":[],"_links":{"self":[{"href":"https:\/\/billerbeck.info\/fr-ch\/wp-json\/wp\/v2\/pages\/9857","targetHints":{"allow":["GET"]}}],"collection":[{"href":"https:\/\/billerbeck.info\/fr-ch\/wp-json\/wp\/v2\/pages"}],"about":[{"href":"https:\/\/billerbeck.info\/fr-ch\/wp-json\/wp\/v2\/types\/page"}],"author":[{"embeddable":true,"href":"https:\/\/billerbeck.info\/fr-ch\/wp-json\/wp\/v2\/users\/7"}],"replies":[{"embeddable":true,"href":"https:\/\/billerbeck.info\/fr-ch\/wp-json\/wp\/v2\/comments?post=9857"}],"version-history":[{"count":12,"href":"https:\/\/billerbeck.info\/fr-ch\/wp-json\/wp\/v2\/pages\/9857\/revisions"}],"predecessor-version":[{"id":15354,"href":"https:\/\/billerbeck.info\/fr-ch\/wp-json\/wp\/v2\/pages\/9857\/revisions\/15354"}],"wp:featuredmedia":[{"embeddable":true,"href":"https:\/\/billerbeck.info\/fr-ch\/wp-json\/wp\/v2\/media\/15236"}],"wp:attachment":[{"href":"https:\/\/billerbeck.info\/fr-ch\/wp-json\/wp\/v2\/media?parent=9857"}],"curies":[{"name":"wp","href":"https:\/\/api.w.org\/{rel}","templated":true}]}}