{"id":3910,"date":"2021-03-02T18:54:13","date_gmt":"2021-03-02T17:54:13","guid":{"rendered":"https:\/\/billerbeck.info\/entreprise\/schlafforschung\/"},"modified":"2024-07-31T16:18:37","modified_gmt":"2024-07-31T14:18:37","slug":"recherche-sur-le-sommeil","status":"publish","type":"page","link":"https:\/\/billerbeck.info\/fr\/entreprise\/recherche-sur-le-sommeil\/","title":{"rendered":"Recherche sur le sommeil"},"content":{"rendered":"\n<h2 class=\"has-text-align-center wp-block-heading\">Coop\u00e9ration avec la science<\/h2>\n\n\n\n<p>Pendant longtemps, le sommeil humain n\u2019a pas fait l\u2019objet de recherches pouss\u00e9es. Mais lorsque la phase REM (Rapid Eye Movement) a \u00e9t\u00e9 d\u00e9couverte dans les ann\u00e9es&nbsp;1950 et que des scientifiques ont commenc\u00e9 \u00e0 s\u2019int\u00e9resser de pr\u00e8s au sommeil pour la premi\u00e8re fois, les travaux de recherche de billerbeck sur le sommeil ont \u00e9galement d\u00e9but\u00e9.<\/p>\n\n\n\n<p>Les performances physiques et mentales, la concentration et la r\u00e9silience, mais aussi l\u2019humeur et de nombreuses fonctions organiques souffrent d\u2019un sommeil trop court ou insuffisant. C\u2019est pourquoi, depuis 100&nbsp;ans, billerbeck \u00e9tudie syst\u00e9matiquement les habitudes et les besoins des clients en mati\u00e8re de sommeil sain. En m\u00eame temps, billerbeck est actif dans l\u2019\u00e9ducation et la transmission des connaissances sur le bon sommeil.<\/p>\n\n\n\n<p>La billerbeck Stiftung Schlaf &amp; Gesundheit<sup>\u00ae<\/sup> (Fondation Sommeil &amp; Sant\u00e9 de billerbeck), active au niveau international, r\u00e9unit des sp\u00e9cialistes de disciplines tr\u00e8s diverses\u00a0: m\u00e9decins, physiologistes, psychologues, biologistes, physiciens et instituts de recherche sur le textile \u00e9tudient en permanence les diff\u00e9rents aspects qui composent la qualit\u00e9 du sommeil.<\/p>\n\n\n\n<p>Pour ce faire, la Fondation coop\u00e8re avec des institutions de renom telles que l\u2019Universit\u00e9 Johannes Gutenberg de Mayence (1952-1956), l\u2019Institut Frobenius de l\u2019Universit\u00e9 Goethe de Francfort (1956) ou les Instituts de recherche Hohenstein (1957 \u00e0 ce jour).<\/p>\n\n\n\n<p>En plus de ses propres travaux, la Fondation octroie des contrats de recherche cibl\u00e9s afin d\u2019\u00e9largir durablement et \u00e0 grande \u00e9chelle l\u2019\u00e9tat des connaissances sur le comportement en mati\u00e8re de sommeil. Une attention toute particuli\u00e8re est accord\u00e9e aux domaines qui ne pouvaient attester auparavant que de quelques r\u00e9sultats de recherche fiables.<\/p>\n","protected":false},"excerpt":{"rendered":"<p>Coop\u00e9ration avec la science Pendant longtemps, le sommeil humain n\u2019a pas fait l\u2019objet de recherches pouss\u00e9es. Mais lorsque la phase REM [&hellip;]<\/p>\n","protected":false},"author":1,"featured_media":2841,"parent":3893,"menu_order":0,"comment_status":"closed","ping_status":"closed","template":"","meta":{"_acf_changed":false,"footnotes":""},"class_list":["post-3910","page","type-page","status-publish","has-post-thumbnail","hentry"],"acf":[],"_links":{"self":[{"href":"https:\/\/billerbeck.info\/fr\/wp-json\/wp\/v2\/pages\/3910","targetHints":{"allow":["GET"]}}],"collection":[{"href":"https:\/\/billerbeck.info\/fr\/wp-json\/wp\/v2\/pages"}],"about":[{"href":"https:\/\/billerbeck.info\/fr\/wp-json\/wp\/v2\/types\/page"}],"author":[{"embeddable":true,"href":"https:\/\/billerbeck.info\/fr\/wp-json\/wp\/v2\/users\/1"}],"replies":[{"embeddable":true,"href":"https:\/\/billerbeck.info\/fr\/wp-json\/wp\/v2\/comments?post=3910"}],"version-history":[{"count":4,"href":"https:\/\/billerbeck.info\/fr\/wp-json\/wp\/v2\/pages\/3910\/revisions"}],"predecessor-version":[{"id":4347,"href":"https:\/\/billerbeck.info\/fr\/wp-json\/wp\/v2\/pages\/3910\/revisions\/4347"}],"up":[{"embeddable":true,"href":"https:\/\/billerbeck.info\/fr\/wp-json\/wp\/v2\/pages\/3893"}],"wp:featuredmedia":[{"embeddable":true,"href":"https:\/\/billerbeck.info\/fr\/wp-json\/wp\/v2\/media\/2841"}],"wp:attachment":[{"href":"https:\/\/billerbeck.info\/fr\/wp-json\/wp\/v2\/media?parent=3910"}],"curies":[{"name":"wp","href":"https:\/\/api.w.org\/{rel}","templated":true}]}}