{"id":4018,"date":"2021-03-29T12:27:46","date_gmt":"2021-03-29T10:27:46","guid":{"rendered":"https:\/\/billerbeck.info\/durabilite\/umweltpolitik\/"},"modified":"2021-08-17T12:46:03","modified_gmt":"2021-08-17T10:46:03","slug":"engagement-en-matiere-de-politique-environnementale-pour-le-groupe-billerbeck","status":"publish","type":"page","link":"https:\/\/billerbeck.info\/fr\/durabilite\/engagement-en-matiere-de-politique-environnementale-pour-le-groupe-billerbeck\/","title":{"rendered":"Engagement en mati\u00e8re de politique environnementale pour le groupe billerbeck"},"content":{"rendered":"\n<p class=\"has-text-align-center\">Vous trouverez ici notre politique environnementale d\u00e9taill\u00e9e en format PDF&nbsp;&nbsp;:<br><a href=\"http:\/\/billerbeck.info\/wp-content\/uploads\/2021\/03\/billerbeck-Umweltpolitik-Verpflichtungserkl__rung_DE.pdf\" target=\"_blank\" rel=\"noreferrer noopener\">T\u00c9L\u00c9CHARGER LE PDF<\/a><\/p>\n\n\n\n<p>Chez billerbeck, la protection de l\u2019environnement est un \u00e9l\u00e9ment important de notre politique d\u2019entreprise. Nous sommes conscients que nos activit\u00e9s ont un impact sur l\u2019environnement. Nous nous sommes donc fix\u00e9 pour objectif de r\u00e9duire au minimum, voire d\u2019\u00e9viter compl\u00e8tement, l\u2019impact environnemental de nos activit\u00e9s commerciales.\u00a0<\/p>\n\n\n\n<p>L\u2019utilisation responsable des ressources et de l\u2019environnement exige l\u2019identification et l\u2019\u00e9valuation des aspects environnementaux significatifs, ainsi que la r\u00e9alisation d\u2019objectifs environnementaux d\u00e9finis et leur v\u00e9rification sur la base de caract\u00e9ristiques mesurables.<\/p>\n\n\n\n<p>En outre, nous entretenons un dialogue ouvert sur les questions de protection de l\u2019environnement et nous nous effor\u00e7ons d\u2019\u00e9veiller et de renforcer la conscience environnementale de nos employ\u00e9s, fournisseurs et clients. Gr\u00e2ce \u00e0 des formats d\u2019information et de discussion, nous encourageons un comportement respectueux de l\u2019environnement parmi nos employ\u00e9s, tant \u00e0 l\u2019int\u00e9rieur qu\u2019\u00e0 l\u2019ext\u00e9rieur de l\u2019entreprise.<\/p>\n\n\n\n<p>Par cons\u00e9quent, notre politique environnementale s\u2019adresse non seulement \u00e0 tous les employ\u00e9s internes, mais aussi \u00e0 tous les prestataires de services externes de billerbeck. Les collaborateurs sont tenus d\u2019observer et de respecter nos directives environnementales dans leur travail quotidien. Tous les employ\u00e9s sont int\u00e9gr\u00e9s dans notre syst\u00e8me de gestion environnementale et sont tenus d\u2019\u00e9viter toute pollution inutile de l\u2019environnement.<\/p>\n\n\n\n<p>Dans le cadre de notre devoir d\u2019entreprise, nous exposons dans cette lettre d\u2019engagement non seulement notre politique environnementale, mais aussi les objectifs environnementaux globaux et les principes d\u2019action de notre entreprise qu\u2019elle contient&nbsp;:<\/p>\n\n\n\n<p>billerbeck Betten-Union GmbH &amp; Co. KG s\u2019est fix\u00e9 pour objectif d\u2019am\u00e9liorer en permanence la protection de l\u2019environnement et veille \u00e0 la mise en \u0153uvre de ces orientations en mettant en place un syst\u00e8me de gestion environnementale. Le respect des lois et r\u00e9glementations environnementales ainsi que les actions orient\u00e9es vers l\u2019avenir rev\u00eatent une importance particuli\u00e8re.<\/p>\n\n\n\n<p>Lors de l\u2019achat de mat\u00e9riaux, les impacts environnementaux li\u00e9s \u00e0 l\u2019origine, \u00e0 l\u2019utilisation et \u00e0 l\u2019\u00e9limination sont toujours pris en compte. En outre, l\u2019am\u00e9lioration continue de nos performances environnementales est une condition pr\u00e9alable pour nous \u00e0 moyen et long terme et une contribution importante \u00e0 la protection de l\u2019environnement.&nbsp;<\/p>\n\n\n\n<p>Une organisation sans faille, des m\u00e9thodes de gestion avanc\u00e9es et les avanc\u00e9es de la technologie environnementale fournissent le cadre n\u00e9cessaire \u00e0 cet effet. Les cadres sont tenus d\u2019appliquer les pratiques de gestion applicables dans leur domaine de responsabilit\u00e9, de contr\u00f4ler constamment leur efficacit\u00e9 et de les adapter aux connaissances et aux exigences les plus r\u00e9centes.<\/p>\n\n\n\n<p>L\u2019ad\u00e9quation, la pertinence et l\u2019efficacit\u00e9 du syst\u00e8me de gestion environnementale sont r\u00e9guli\u00e8rement examin\u00e9es par l\u2019\u00e9valuation des r\u00e9sultats, les audits internes et les rapports p\u00e9riodiques sur la protection environnementale op\u00e9rationnelle.<\/p>\n\n\n\n<p>Par cette d\u00e9claration, la direction s\u2019engage \u00e0 ce que toutes les activit\u00e9s de l\u2019entreprise soient conformes aux sp\u00e9cifications environnementales ainsi qu\u2019aux exigences pr\u00e9d\u00e9finies et auto-impos\u00e9es.<\/p>\n\n\n\n<p>En outre, nous nous engageons \u00e0 am\u00e9liorer et \u00e0 d\u00e9velopper en permanence notre syst\u00e8me de gestion environnementale, dont les objectifs et les programmes s\u2019appliquent \u00e0 l\u2019ensemble de l\u2019entreprise.<\/p>\n\n\n\n<p><strong>Aspects environnementaux&nbsp;:<\/strong><\/p>\n\n\n\n<ul class=\"wp-block-list\"><li>Climat et environnement (utilisation d\u2019\u00e9nergies fossiles)<\/li><li>Personnes (employ\u00e9s, clients)<\/li><li>Fournisseurs<\/li><li>Production<\/li><li>Utilisation de l\u2019eau<\/li><li>Utilisation des mati\u00e8res premi\u00e8res<\/li><li>Produits<\/li><li>Emballage<\/li><li>Gestion des d\u00e9chets et recyclage<\/li><li>Gestion des exp\u00e9ditions et des retours<\/li><li>Num\u00e9risation<\/li><li>Certifications et labels<\/li><li>Engagement social\/projets environnementaux<\/li><\/ul>\n","protected":false},"excerpt":{"rendered":"<p>Vous trouverez ici notre politique environnementale d\u00e9taill\u00e9e en format PDF&nbsp;&nbsp;:T\u00c9L\u00c9CHARGER LE PDF Chez billerbeck, la protection de l\u2019environnement est un \u00e9l\u00e9ment [&hellip;]<\/p>\n","protected":false},"author":1,"featured_media":13205,"parent":3986,"menu_order":0,"comment_status":"closed","ping_status":"closed","template":"","meta":{"_acf_changed":false,"footnotes":""},"class_list":["post-4018","page","type-page","status-publish","has-post-thumbnail","hentry"],"acf":[],"_links":{"self":[{"href":"https:\/\/billerbeck.info\/fr\/wp-json\/wp\/v2\/pages\/4018","targetHints":{"allow":["GET"]}}],"collection":[{"href":"https:\/\/billerbeck.info\/fr\/wp-json\/wp\/v2\/pages"}],"about":[{"href":"https:\/\/billerbeck.info\/fr\/wp-json\/wp\/v2\/types\/page"}],"author":[{"embeddable":true,"href":"https:\/\/billerbeck.info\/fr\/wp-json\/wp\/v2\/users\/1"}],"replies":[{"embeddable":true,"href":"https:\/\/billerbeck.info\/fr\/wp-json\/wp\/v2\/comments?post=4018"}],"version-history":[{"count":3,"href":"https:\/\/billerbeck.info\/fr\/wp-json\/wp\/v2\/pages\/4018\/revisions"}],"predecessor-version":[{"id":4331,"href":"https:\/\/billerbeck.info\/fr\/wp-json\/wp\/v2\/pages\/4018\/revisions\/4331"}],"up":[{"embeddable":true,"href":"https:\/\/billerbeck.info\/fr\/wp-json\/wp\/v2\/pages\/3986"}],"wp:featuredmedia":[{"embeddable":true,"href":"https:\/\/billerbeck.info\/fr\/wp-json\/wp\/v2\/media\/13205"}],"wp:attachment":[{"href":"https:\/\/billerbeck.info\/fr\/wp-json\/wp\/v2\/media?parent=4018"}],"curies":[{"name":"wp","href":"https:\/\/api.w.org\/{rel}","templated":true}]}}