{"id":4043,"date":"2021-03-09T13:09:43","date_gmt":"2021-03-09T12:09:43","guid":{"rendered":"https:\/\/billerbeck.info\/clients\/online-shops\/"},"modified":"2021-08-17T12:51:33","modified_gmt":"2021-08-17T10:51:33","slug":"boutiques-en-ligne","status":"publish","type":"page","link":"https:\/\/billerbeck.info\/fr\/clients\/boutiques-en-ligne\/","title":{"rendered":"Boutiques en ligne"},"content":{"rendered":"\n<p class=\"has-text-align-center\">Vous pouvez faire vos achats 24\u00a0heures sur\u00a024 dans nos boutiques en ligne billerbeck.<\/p>\n\n\n\n<p class=\"has-text-align-center\">Notre service client\u00e8le se fera un plaisir de r\u00e9pondre \u00e0 toutes vos questions.<\/p>\n\n\n\n<p class=\"has-text-align-center\"><strong>Allemagne&nbsp;:<\/strong><br>billerbeck \u2013&nbsp;<a href=\"https:\/\/billerbeck.shop\/\" target=\"_blank\" rel=\"noreferrer noopener\">https:\/\/billerbeck.shop<\/a><\/p>\n\n\n\n<p class=\"has-text-align-center\"><strong>Suisse\u00a0:<\/strong><br>billerbeck \u2013\u00a0<a rel=\"noreferrer noopener\" href=\"https:\/\/billerbeck.shop\/ch\" target=\"_blank\">https:\/\/billerbeck.shop\/ch<\/a><br>Dauny \u2013\u00a0<a rel=\"noreferrer noopener\" href=\"http:\/\/www.dauny.com\/\" target=\"_blank\">http:\/\/www.dauny.com<\/a><\/p>\n","protected":false},"excerpt":{"rendered":"<p>Vous pouvez faire vos achats 24\u00a0heures sur\u00a024 dans nos boutiques en ligne billerbeck. Notre service client\u00e8le se fera un plaisir de [&hellip;]<\/p>\n","protected":false},"author":1,"featured_media":856,"parent":4026,"menu_order":0,"comment_status":"closed","ping_status":"closed","template":"","meta":{"_acf_changed":false,"footnotes":""},"class_list":["post-4043","page","type-page","status-publish","has-post-thumbnail","hentry"],"acf":[],"_links":{"self":[{"href":"https:\/\/billerbeck.info\/fr\/wp-json\/wp\/v2\/pages\/4043","targetHints":{"allow":["GET"]}}],"collection":[{"href":"https:\/\/billerbeck.info\/fr\/wp-json\/wp\/v2\/pages"}],"about":[{"href":"https:\/\/billerbeck.info\/fr\/wp-json\/wp\/v2\/types\/page"}],"author":[{"embeddable":true,"href":"https:\/\/billerbeck.info\/fr\/wp-json\/wp\/v2\/users\/1"}],"replies":[{"embeddable":true,"href":"https:\/\/billerbeck.info\/fr\/wp-json\/wp\/v2\/comments?post=4043"}],"version-history":[{"count":3,"href":"https:\/\/billerbeck.info\/fr\/wp-json\/wp\/v2\/pages\/4043\/revisions"}],"predecessor-version":[{"id":4338,"href":"https:\/\/billerbeck.info\/fr\/wp-json\/wp\/v2\/pages\/4043\/revisions\/4338"}],"up":[{"embeddable":true,"href":"https:\/\/billerbeck.info\/fr\/wp-json\/wp\/v2\/pages\/4026"}],"wp:featuredmedia":[{"embeddable":true,"href":"https:\/\/billerbeck.info\/fr\/wp-json\/wp\/v2\/media\/856"}],"wp:attachment":[{"href":"https:\/\/billerbeck.info\/fr\/wp-json\/wp\/v2\/media?parent=4043"}],"curies":[{"name":"wp","href":"https:\/\/api.w.org\/{rel}","templated":true}]}}